{"id":63,"date":"2023-07-27T12:57:45","date_gmt":"2023-07-27T12:57:45","guid":{"rendered":"http:\/\/konpetsar.com\/?post_type=product&#038;p=63"},"modified":"2023-07-31T12:20:28","modified_gmt":"2023-07-31T12:20:28","slug":"lastik-parlatici","status":"publish","type":"product","link":"https:\/\/konpetsar.com\/en\/product\/lastik-parlatici\/","title":{"rendered":"Polisher"},"content":{"rendered":"<p>H&amp;M LUBRICANTS TIRE SHINE Shines and protects your tires and plastic parts. new, black and It provides a shiny appearance. \nIt is not affected by water.<\/p>","protected":false},"excerpt":{"rendered":"<p>H&amp;M LUBRICANTS TIRE SHINE Shines and protects your tires and plastic parts. new, black and It provides a shiny appearance. \nIt is not affected by water.<\/p>","protected":false},"featured_media":64,"comment_status":"closed","ping_status":"closed","template":"","meta":{"_et_pb_use_builder":"off","_et_pb_old_content":"H&M LUBRICANTS TORP\u0130DO PARLATICI, g\u00fcvenle kullanabilece\u011finiz etkileyici ve koruyucu bir bak\u0131m s\u00fct\u00fcd\u00fcr. \u00d6zel form\u00fclasyonu sayesinde toz ve kirlenmeyi engeller. Ara\u00e7 lastiklerinde besleyici bir parlakl\u0131k sa\u011flar ve korur.","_et_gb_content_width":""},"product_cat":[17],"product_tag":[],"class_list":{"0":"post-63","1":"product","2":"type-product","3":"status-publish","4":"has-post-thumbnail","6":"product_cat-oto-bakim-urunleri","8":"first","9":"instock","10":"shipping-taxable","11":"product-type-simple"},"_links":{"self":[{"href":"https:\/\/konpetsar.com\/en\/wp-json\/wp\/v2\/product\/63","targetHints":{"allow":["GET"]}}],"collection":[{"href":"https:\/\/konpetsar.com\/en\/wp-json\/wp\/v2\/product"}],"about":[{"href":"https:\/\/konpetsar.com\/en\/wp-json\/wp\/v2\/types\/product"}],"replies":[{"embeddable":true,"href":"https:\/\/konpetsar.com\/en\/wp-json\/wp\/v2\/comments?post=63"}],"wp:featuredmedia":[{"embeddable":true,"href":"https:\/\/konpetsar.com\/en\/wp-json\/wp\/v2\/media\/64"}],"wp:attachment":[{"href":"https:\/\/konpetsar.com\/en\/wp-json\/wp\/v2\/media?parent=63"}],"wp:term":[{"taxonomy":"product_cat","embeddable":true,"href":"https:\/\/konpetsar.com\/en\/wp-json\/wp\/v2\/product_cat?post=63"},{"taxonomy":"product_tag","embeddable":true,"href":"https:\/\/konpetsar.com\/en\/wp-json\/wp\/v2\/product_tag?post=63"}],"curies":[{"name":"wp","href":"https:\/\/api.w.org\/{rel}","templated":true}]}}