{"id":518,"date":"2024-10-02T10:09:57","date_gmt":"2024-10-02T10:09:57","guid":{"rendered":"https:\/\/konpetsar.com\/?post_type=product&#038;p=518"},"modified":"2024-10-02T10:10:44","modified_gmt":"2024-10-02T10:10:44","slug":"hm-lubricant-anti-rust-hm-24-kopya","status":"publish","type":"product","link":"https:\/\/konpetsar.com\/en\/product\/hm-lubricant-anti-rust-hm-24-kopya\/","title":{"rendered":"H&#038;M LUBR\u0130CANT ANT\u0130 RUST HM 36"},"content":{"rendered":"<p>Metal y\u00fczeylerde ince bir film tabakas\u0131 olu\u015fturarak korozyon olu\u015fumunu \u00f6nler ve m\u00fckemmel pas \u00f6nleme \u00f6zelli\u011fine sahip koruyucu ya\u011fd\u0131r.<br \/>\nHidrofobik (su itici) \u00f6zelli\u011fi sayesinde \u00fcr\u00fcn\u00fcn kullan\u0131m \u00f6mr\u00fc uzundur.<br \/>\nForm\u00fclasyonunda bulunan \u00f6zel kimyasallar sayesinde parmak izi olu\u015fumunu engellemektedir.<br \/>\n\u00dcr\u00fcn\u00fcn solventler ile herhangi bir seyreltme i\u015flemine tabii tutulmadan ( % 100 konsantre ) kullan\u0131m\u0131nda metal y\u00fczeyinde 2-4 \u03bc kal\u0131nl\u0131\u011f\u0131nda kuru film tabakas\u0131 olu\u015fur.<br \/>\nA\u00e7\u0131k alanda \u00a0metal y\u00fczeyinde 1 y\u0131l, kapal\u0131 alanda 2 y\u0131l pas koruma sa\u011flar. Kuru film tabakas\u0131 sayesinde parmak izi b\u0131rakmaz.<\/p>\n<p><strong>Uygulama<\/strong><\/p>\n<p>Metal y\u00fczeyine tatbiki 3 \u015fekilde olabilir :<\/p>\n<ul>\n<li>Dald\u0131rma<\/li>\n<li>P\u00fcsk\u00fcrtme<\/li>\n<li>F\u0131r\u00e7a ile s\u00fcrme<\/li>\n<\/ul>","protected":false},"excerpt":{"rendered":"<p>Metal y\u00fczeylerde ince bir film tabakas\u0131 olu\u015fturarak korozyon olu\u015fumunu \u00f6nler ve m\u00fckemmel pas \u00f6nleme \u00f6zelli\u011fine sahip koruyucu ya\u011fd\u0131r. Hidrofobik (su itici) \u00f6zelli\u011fi sayesinde \u00fcr\u00fcn\u00fcn kullan\u0131m \u00f6mr\u00fc uzundur. Form\u00fclasyonunda bulunan \u00f6zel kimyasallar sayesinde parmak izi olu\u015fumunu engellemektedir. \u00dcr\u00fcn\u00fcn solventler ile herhangi bir seyreltme i\u015flemine tabii tutulmadan ( % 100 konsantre ) kullan\u0131m\u0131nda metal y\u00fczeyinde 2-4 \u03bc [&hellip;]<\/p>","protected":false},"featured_media":515,"comment_status":"closed","ping_status":"closed","template":"","meta":{"_et_pb_use_builder":"","_et_pb_old_content":"","_et_gb_content_width":""},"product_cat":[28],"product_tag":[],"class_list":{"0":"post-518","1":"product","2":"type-product","3":"status-publish","4":"has-post-thumbnail","6":"product_cat-koruyucu-yaglar","8":"first","9":"instock","10":"shipping-taxable","11":"product-type-simple"},"_links":{"self":[{"href":"https:\/\/konpetsar.com\/en\/wp-json\/wp\/v2\/product\/518","targetHints":{"allow":["GET"]}}],"collection":[{"href":"https:\/\/konpetsar.com\/en\/wp-json\/wp\/v2\/product"}],"about":[{"href":"https:\/\/konpetsar.com\/en\/wp-json\/wp\/v2\/types\/product"}],"replies":[{"embeddable":true,"href":"https:\/\/konpetsar.com\/en\/wp-json\/wp\/v2\/comments?post=518"}],"wp:featuredmedia":[{"embeddable":true,"href":"https:\/\/konpetsar.com\/en\/wp-json\/wp\/v2\/media\/515"}],"wp:attachment":[{"href":"https:\/\/konpetsar.com\/en\/wp-json\/wp\/v2\/media?parent=518"}],"wp:term":[{"taxonomy":"product_cat","embeddable":true,"href":"https:\/\/konpetsar.com\/en\/wp-json\/wp\/v2\/product_cat?post=518"},{"taxonomy":"product_tag","embeddable":true,"href":"https:\/\/konpetsar.com\/en\/wp-json\/wp\/v2\/product_tag?post=518"}],"curies":[{"name":"wp","href":"https:\/\/api.w.org\/{rel}","templated":true}]}}