{"id":508,"date":"2024-10-02T09:40:24","date_gmt":"2024-10-02T09:40:24","guid":{"rendered":"https:\/\/konpetsar.com\/?post_type=product&#038;p=508"},"modified":"2024-10-02T09:56:30","modified_gmt":"2024-10-02T09:56:30","slug":"hm-lubricants-7294-metal-islem-sivisi","status":"publish","type":"product","link":"https:\/\/konpetsar.com\/en\/product\/hm-lubricants-7294-metal-islem-sivisi\/","title":{"rendered":"H&#038;M LUBR\u0130CANTS 7294 METAL \u0130\u015eLEM SIVISI"},"content":{"rendered":"<p>Y\u00fcksek performansl\u0131,suyla kar\u0131\u015fabilen metal i\u015flem s\u0131v\u0131s\u0131d\u0131r.En \u00fcst\u00fcn baz ya\u011flar,kat\u0131klar em\u00fclgat\u00f6rlerle form\u00fcle edilen klor i\u00e7ermeyen H&amp;M LUBR\u0130CANTS 7294, geni\u015f yelpazedeki metal i\u015fleme proseslerinde g\u00fcvenilir performans sa\u011flar.Bu \u00fcr\u00fcnler t\u00fcm sert ve yumu\u015fak sularda \u00e7al\u0131\u015fmak,d\u00fc\u015f\u00fck k\u00f6p\u00fck olu\u015fumu sunmak,tak\u0131m tezgah\u0131 ve par\u00e7alar\u0131 i\u00e7in uzun s\u00fcre korozyondan koruma sa\u011flamak i\u00e7in tasarlanm\u0131\u015ft\u0131r.D\u00fc\u015f\u00fck bak\u0131m isteyen ve dengeli bir yap\u0131ya sahip olan H&amp;M LUBR\u0130CANTS 7294,uzun hizmet \u00f6mr\u00fcn\u00fcn,m\u00fckemmel i\u015fleme performans\u0131n\u0131n,sa\u011fl\u0131l ve \u00e7evre hassasiyetinin \u00f6nemli oldu\u011fu modern metal i\u015fleme at\u00f6lyeleri i\u00e7in tasarlanm\u0131\u015ft\u0131r.Bu \u00fcr\u00fcn konsantre olarak tedarik edilmektedir ve kullan\u0131m noktas\u0131nda su ile kar\u0131\u015f\u0131m gerektirir.H&amp;M LUB\u0130RCANTS 7294,optimum performans i\u00e7in sertlik dereceleri 5\u00ae dH ve 30\u00ae dH\u00a0 aras\u0131nda de\u011fi\u015fen sert ve yumu\u015fak sular i\u00e7in uygun olan yar\u0131 saydam mikro em\u00fclsiyon olu\u015fturmas\u0131 i\u00e7in tasarlanm\u0131\u015f yeni,y\u00fcksek kaliteli metal i\u015flem s\u0131v\u0131s\u0131d\u0131r.G\u00f6receli olarak d\u00fc\u015f\u00fck ya\u011f i\u00e7eri\u011fi bulunan \u00fcr\u00fcn\u00fcn,.kendisini hafiften orta zorlu\u011fa kesme ve ta\u015flama uygulamalar\u0131 i\u00e7in uygun k\u0131lan iyi deterjan ,kesme ve so\u011futma \u00f6zellikleri bulunmaktad\u0131r.H&amp;M LUBR\u0130CANTS 7294 \u00fcn form\u00fclasyonu,tegah temizli\u011fini korumaya yard\u0131m ederken ayn\u0131 zamanda onu d\u00f6kme demirin i\u015flenmesi ve ta\u015flanmas\u0131 i\u00e7in \u00f6zellikle tavsiye edilen bir \u00fcr\u00fcn yapar.<\/p>\n<p><strong>\u00d6zellikleri ve Faydalar\u0131:<\/strong>H&amp;M LUBR\u0130CANTS 7294 ,y\u00fckzsek performans \u00f6zellikleri sa\u011flayarak modern metal i\u015fleme at\u00f6lyelerinin \u00fcretkenli\u011fini artt\u0131rmaya yard\u0131mc\u0131 olmak i\u00e7in tasarlanm\u0131\u015ft\u0131r.<\/p>\n<p><strong>Uygulamalar:<\/strong>H&amp;M LUBR\u0130CANTS 7294 demir veya demir d\u0131\u015f\u0131 metallerin sistemleri bir merkeze ba\u011fl\u0131 veya kendi i\u00e7inde bir sistemleri olan tak\u0131m tezgahlar\u0131n\u0131n i\u015flenmesi i\u00e7in kullan\u0131l\u0131r.Ekstra \u0131slanabilirlik sa\u011flamas\u0131 ve korozyonu \u00f6nlemesi i\u00e7in d\u00fc\u015f\u00fck oranda ya\u011f i\u00e7eri\u011fi bulunmaktad\u0131r.D\u00f6kme demirin i\u015flenmesi ve ta\u015flanmas\u0131 i\u00e7in uygundur.Bak\u0131r ala\u015f\u0131mlar\u0131n tala\u015fl\u0131 imalat\u0131 s\u0131ras\u0131nda em\u00fclsiyonun rengi ye\u015file d\u00f6nebilir,ancak i\u015f par\u00e7alar\u0131 \u00fczerinde lekelenme olmaz.S\u0131v\u0131 cinsi mikro em\u00fclsiyondur.Mineral ya\u011f i\u00e7er\u011fi tipil olarak %20 dir.Optimum su sertl\u0131k aral\u0131\u011f\u0131 50 dH ile 300 dH aras\u0131ndad\u0131r.Kullan\u0131m s\u0131ras\u0131nda em\u00fclsiyon 600 dH kadar dengelidir.<\/p>","protected":false},"excerpt":{"rendered":"<p>Y\u00fcksek performansl\u0131,suyla kar\u0131\u015fabilen metal i\u015flem s\u0131v\u0131s\u0131d\u0131r.En \u00fcst\u00fcn baz ya\u011flar,kat\u0131klar em\u00fclgat\u00f6rlerle form\u00fcle edilen klor i\u00e7ermeyen H&amp;M LUBR\u0130CANTS 7294, geni\u015f yelpazedeki metal i\u015fleme proseslerinde g\u00fcvenilir performans sa\u011flar.Bu \u00fcr\u00fcnler t\u00fcm sert ve yumu\u015fak sularda \u00e7al\u0131\u015fmak,d\u00fc\u015f\u00fck k\u00f6p\u00fck olu\u015fumu sunmak,tak\u0131m tezgah\u0131 ve par\u00e7alar\u0131 i\u00e7in uzun s\u00fcre korozyondan koruma sa\u011flamak i\u00e7in tasarlanm\u0131\u015ft\u0131r.D\u00fc\u015f\u00fck bak\u0131m isteyen ve dengeli bir yap\u0131ya sahip olan H&amp;M [&hellip;]<\/p>","protected":false},"featured_media":509,"comment_status":"closed","ping_status":"closed","template":"","meta":{"_et_pb_use_builder":"","_et_pb_old_content":"","_et_gb_content_width":""},"product_cat":[27],"product_tag":[],"class_list":{"0":"post-508","1":"product","2":"type-product","3":"status-publish","4":"has-post-thumbnail","6":"product_cat-metal-islem-sivilari","8":"first","9":"instock","10":"shipping-taxable","11":"product-type-simple"},"_links":{"self":[{"href":"https:\/\/konpetsar.com\/en\/wp-json\/wp\/v2\/product\/508","targetHints":{"allow":["GET"]}}],"collection":[{"href":"https:\/\/konpetsar.com\/en\/wp-json\/wp\/v2\/product"}],"about":[{"href":"https:\/\/konpetsar.com\/en\/wp-json\/wp\/v2\/types\/product"}],"replies":[{"embeddable":true,"href":"https:\/\/konpetsar.com\/en\/wp-json\/wp\/v2\/comments?post=508"}],"wp:featuredmedia":[{"embeddable":true,"href":"https:\/\/konpetsar.com\/en\/wp-json\/wp\/v2\/media\/509"}],"wp:attachment":[{"href":"https:\/\/konpetsar.com\/en\/wp-json\/wp\/v2\/media?parent=508"}],"wp:term":[{"taxonomy":"product_cat","embeddable":true,"href":"https:\/\/konpetsar.com\/en\/wp-json\/wp\/v2\/product_cat?post=508"},{"taxonomy":"product_tag","embeddable":true,"href":"https:\/\/konpetsar.com\/en\/wp-json\/wp\/v2\/product_tag?post=508"}],"curies":[{"name":"wp","href":"https:\/\/api.w.org\/{rel}","templated":true}]}}