{"id":507,"date":"2024-10-02T09:21:22","date_gmt":"2024-10-02T09:21:22","guid":{"rendered":"https:\/\/konpetsar.com\/?post_type=product&#038;p=507"},"modified":"2024-10-02T09:22:14","modified_gmt":"2024-10-02T09:22:14","slug":"ultra-yogun-camasir-suyu","status":"publish","type":"product","link":"https:\/\/konpetsar.com\/en\/product\/ultra-yogun-camasir-suyu\/","title":{"rendered":"Ultra Yo\u011fun \u00c7ama\u015f\u0131r Suyu"},"content":{"rendered":"<p>KULLANIM ALANLARI: Klor bazl\u0131 A\u011fart\u0131c\u0131 i\u00e7er. Beyaz ve klora dayan\u0131kl\u0131 renkli \u00e7ama\u015f\u0131rlarda d\u00fc\u015f\u00fck s\u0131cakl\u0131kta lekelerin a\u011fart\u0131lmas\u0131 i\u00e7in kullan\u0131lan<br \/>\nyard\u0131mc\u0131 y\u0131kama \u00fcr\u00fcrd\u00fcr. D\u00fc\u015f\u00fck kullan\u0131m miktarlar\u0131nda istenen etkinli\u011fe ula\u015farak ekonomi sa\u011flar. Klorun etkisi de \u00e7ama\u015f\u0131rlarda hijyen sa\u011flar. Banyo tuvalet , evye ve sert y\u00fczeylerin silinip hijyenik temizli\u011finde kullan\u0131l\u0131r.<\/p>","protected":false},"excerpt":{"rendered":"<p>KULLANIM ALANLARI: Klor bazl\u0131 A\u011fart\u0131c\u0131 i\u00e7er. Beyaz ve klora dayan\u0131kl\u0131 renkli \u00e7ama\u015f\u0131rlarda d\u00fc\u015f\u00fck s\u0131cakl\u0131kta lekelerin a\u011fart\u0131lmas\u0131 i\u00e7in kullan\u0131lan yard\u0131mc\u0131 y\u0131kama \u00fcr\u00fcrd\u00fcr. D\u00fc\u015f\u00fck kullan\u0131m miktarlar\u0131nda istenen etkinli\u011fe ula\u015farak ekonomi sa\u011flar. Klorun etkisi de \u00e7ama\u015f\u0131rlarda hijyen sa\u011flar. Banyo tuvalet , evye ve sert y\u00fczeylerin silinip hijyenik temizli\u011finde kullan\u0131l\u0131r.<\/p>","protected":false},"featured_media":506,"comment_status":"closed","ping_status":"closed","template":"","meta":{"_et_pb_use_builder":"","_et_pb_old_content":"","_et_gb_content_width":""},"product_cat":[24],"product_tag":[],"class_list":{"0":"post-507","1":"product","2":"type-product","3":"status-publish","4":"has-post-thumbnail","6":"product_cat-temizlik-urunleri","8":"first","9":"instock","10":"shipping-taxable","11":"product-type-simple"},"_links":{"self":[{"href":"https:\/\/konpetsar.com\/en\/wp-json\/wp\/v2\/product\/507","targetHints":{"allow":["GET"]}}],"collection":[{"href":"https:\/\/konpetsar.com\/en\/wp-json\/wp\/v2\/product"}],"about":[{"href":"https:\/\/konpetsar.com\/en\/wp-json\/wp\/v2\/types\/product"}],"replies":[{"embeddable":true,"href":"https:\/\/konpetsar.com\/en\/wp-json\/wp\/v2\/comments?post=507"}],"wp:featuredmedia":[{"embeddable":true,"href":"https:\/\/konpetsar.com\/en\/wp-json\/wp\/v2\/media\/506"}],"wp:attachment":[{"href":"https:\/\/konpetsar.com\/en\/wp-json\/wp\/v2\/media?parent=507"}],"wp:term":[{"taxonomy":"product_cat","embeddable":true,"href":"https:\/\/konpetsar.com\/en\/wp-json\/wp\/v2\/product_cat?post=507"},{"taxonomy":"product_tag","embeddable":true,"href":"https:\/\/konpetsar.com\/en\/wp-json\/wp\/v2\/product_tag?post=507"}],"curies":[{"name":"wp","href":"https:\/\/api.w.org\/{rel}","templated":true}]}}