{"id":499,"date":"2024-10-02T08:56:37","date_gmt":"2024-10-02T08:56:37","guid":{"rendered":"https:\/\/konpetsar.com\/?post_type=product&#038;p=499"},"modified":"2024-10-02T09:01:04","modified_gmt":"2024-10-02T09:01:04","slug":"kirec-pas-sokucu","status":"publish","type":"product","link":"https:\/\/konpetsar.com\/en\/product\/kirec-pas-sokucu\/","title":{"rendered":"Kire\u00e7 Pas S\u00f6k\u00fcc\u00fc"},"content":{"rendered":"<p>Lavabo, fayans, banyo, klozet temizli\u011fi kullan\u0131l\u0131r. Su sertli\u011finden dolay\u0131 olu\u015fmu\u015f kire\u00e7 birikintilerini temizler.<\/p>","protected":false},"excerpt":{"rendered":"<p>Lavabo, fayans, banyo, klozet temizli\u011fi kullan\u0131l\u0131r. Su sertli\u011finden dolay\u0131 olu\u015fmu\u015f kire\u00e7 birikintilerini temizler.<\/p>","protected":false},"featured_media":500,"comment_status":"closed","ping_status":"closed","template":"","meta":{"_et_pb_use_builder":"","_et_pb_old_content":"","_et_gb_content_width":""},"product_cat":[24],"product_tag":[],"class_list":{"0":"post-499","1":"product","2":"type-product","3":"status-publish","4":"has-post-thumbnail","6":"product_cat-temizlik-urunleri","8":"first","9":"instock","10":"shipping-taxable","11":"product-type-simple"},"_links":{"self":[{"href":"https:\/\/konpetsar.com\/en\/wp-json\/wp\/v2\/product\/499","targetHints":{"allow":["GET"]}}],"collection":[{"href":"https:\/\/konpetsar.com\/en\/wp-json\/wp\/v2\/product"}],"about":[{"href":"https:\/\/konpetsar.com\/en\/wp-json\/wp\/v2\/types\/product"}],"replies":[{"embeddable":true,"href":"https:\/\/konpetsar.com\/en\/wp-json\/wp\/v2\/comments?post=499"}],"wp:featuredmedia":[{"embeddable":true,"href":"https:\/\/konpetsar.com\/en\/wp-json\/wp\/v2\/media\/500"}],"wp:attachment":[{"href":"https:\/\/konpetsar.com\/en\/wp-json\/wp\/v2\/media?parent=499"}],"wp:term":[{"taxonomy":"product_cat","embeddable":true,"href":"https:\/\/konpetsar.com\/en\/wp-json\/wp\/v2\/product_cat?post=499"},{"taxonomy":"product_tag","embeddable":true,"href":"https:\/\/konpetsar.com\/en\/wp-json\/wp\/v2\/product_tag?post=499"}],"curies":[{"name":"wp","href":"https:\/\/api.w.org\/{rel}","templated":true}]}}