{"id":434,"date":"2023-07-29T15:44:25","date_gmt":"2023-07-29T15:44:25","guid":{"rendered":"http:\/\/konpetsar.com\/?post_type=product&#038;p=434"},"modified":"2023-07-29T15:44:25","modified_gmt":"2023-07-29T15:44:25","slug":"buz-cozucu","status":"publish","type":"product","link":"https:\/\/konpetsar.com\/en\/product\/buz-cozucu\/","title":{"rendered":"De-Icer"},"content":{"rendered":"<p>So\u011fuk havalarda ara\u00e7 camlar\u0131n\u0131z\u0131 buz ve k\u0131ra\u011f\u0131y\u0131 h\u0131zl\u0131 bir \u015fekilde temizlemek i\u00e7in \u00f6zel olarak tasarlanm\u0131\u015ft\u0131r. Sprey ba\u015fl\u0131\u011f\u0131 ile kolay kullan\u0131m sunar.<\/p>","protected":false},"excerpt":{"rendered":"<p>So\u011fuk havalarda ara\u00e7 camlar\u0131n\u0131z\u0131 buz ve k\u0131ra\u011f\u0131y\u0131 h\u0131zl\u0131 bir \u015fekilde temizlemek i\u00e7in \u00f6zel olarak tasarlanm\u0131\u015ft\u0131r. Sprey ba\u015fl\u0131\u011f\u0131 ile kolay kullan\u0131m sunar.<\/p>","protected":false},"featured_media":292,"comment_status":"closed","ping_status":"closed","template":"","meta":{"_et_pb_use_builder":"","_et_pb_old_content":"","_et_gb_content_width":""},"product_cat":[17],"product_tag":[],"class_list":{"0":"post-434","1":"product","2":"type-product","3":"status-publish","4":"has-post-thumbnail","6":"product_cat-oto-bakim-urunleri","8":"first","9":"instock","10":"shipping-taxable","11":"product-type-simple"},"_links":{"self":[{"href":"https:\/\/konpetsar.com\/en\/wp-json\/wp\/v2\/product\/434","targetHints":{"allow":["GET"]}}],"collection":[{"href":"https:\/\/konpetsar.com\/en\/wp-json\/wp\/v2\/product"}],"about":[{"href":"https:\/\/konpetsar.com\/en\/wp-json\/wp\/v2\/types\/product"}],"replies":[{"embeddable":true,"href":"https:\/\/konpetsar.com\/en\/wp-json\/wp\/v2\/comments?post=434"}],"wp:featuredmedia":[{"embeddable":true,"href":"https:\/\/konpetsar.com\/en\/wp-json\/wp\/v2\/media\/292"}],"wp:attachment":[{"href":"https:\/\/konpetsar.com\/en\/wp-json\/wp\/v2\/media?parent=434"}],"wp:term":[{"taxonomy":"product_cat","embeddable":true,"href":"https:\/\/konpetsar.com\/en\/wp-json\/wp\/v2\/product_cat?post=434"},{"taxonomy":"product_tag","embeddable":true,"href":"https:\/\/konpetsar.com\/en\/wp-json\/wp\/v2\/product_tag?post=434"}],"curies":[{"name":"wp","href":"https:\/\/api.w.org\/{rel}","templated":true}]}}