{"id":409,"date":"2023-07-29T13:18:50","date_gmt":"2023-07-29T13:18:50","guid":{"rendered":"http:\/\/konpetsar.com\/?post_type=product&#038;p=409"},"modified":"2023-07-29T13:18:50","modified_gmt":"2023-07-29T13:18:50","slug":"sanayi-tipi-sivi-sabun","status":"publish","type":"product","link":"https:\/\/konpetsar.com\/en\/product\/sanayi-tipi-sivi-sabun\/","title":{"rendered":"INDUSTRIAL TYPE LIQUID SOAP"},"content":{"rendered":"<p>H&amp;M LUBR\u0130CANTS INDUSTRIAL GRADE LIQUID SOAP is specifically formulated for use in heavy industrial environments. With its powerful cleansing properties, it effectively removes tough dirt, oil, and stains. It is an ideal solution for cleaning and maintaining hygiene for workers in industrial settings. It gently cleanses and moisturizes the skin, leaving a refreshing sensation. H&amp;M LUBR\u0130CANTS INDUSTRIAL GRADE LIQUID SOAP provides reliable cleaning solutions and delivers effective performance in industrial environments.<\/p>\n<p>Usage Instructions: Wet your hands. Take a sufficient amount of soap. Rub your hands together to create lather and rinse.<\/p>","protected":false},"excerpt":{"rendered":"<p>A\u011f\u0131r sanayi ortamlar\u0131nda kullan\u0131lmak \u00fczere \u00f6zel olarak form\u00fcle edilmi\u015ftir. G\u00fc\u00e7l\u00fc temizleme \u00f6zellikleriyle, yo\u011fun kir, ya\u011f ve lekeleri etkili bir \u015fekilde temizler. End\u00fcstriyel alanlarda \u00e7al\u0131\u015fanlar\u0131n ellerini temizlemek ve hijyen sa\u011flamak i\u00e7in ideal bir \u00e7\u00f6z\u00fcmd\u00fcr. Cildi nazik\u00e7e temizlerken nemlendirir ve ferah bir his b\u0131rak\u0131r. Kullan\u0131m \u015eekli: Ellerinizi \u0131slat\u0131n. Yeterli miktarda sabunu al\u0131n. Ellerinizi ovalayarak k\u00f6p\u00fcrt\u00fcn ve durulay\u0131n.<\/p>","protected":false},"featured_media":388,"comment_status":"closed","ping_status":"closed","template":"","meta":{"_et_pb_use_builder":"","_et_pb_old_content":"","_et_gb_content_width":""},"product_cat":[24],"product_tag":[],"class_list":{"0":"post-409","1":"product","2":"type-product","3":"status-publish","4":"has-post-thumbnail","6":"product_cat-temizlik-urunleri","8":"first","9":"instock","10":"shipping-taxable","11":"product-type-simple"},"_links":{"self":[{"href":"https:\/\/konpetsar.com\/en\/wp-json\/wp\/v2\/product\/409","targetHints":{"allow":["GET"]}}],"collection":[{"href":"https:\/\/konpetsar.com\/en\/wp-json\/wp\/v2\/product"}],"about":[{"href":"https:\/\/konpetsar.com\/en\/wp-json\/wp\/v2\/types\/product"}],"replies":[{"embeddable":true,"href":"https:\/\/konpetsar.com\/en\/wp-json\/wp\/v2\/comments?post=409"}],"wp:featuredmedia":[{"embeddable":true,"href":"https:\/\/konpetsar.com\/en\/wp-json\/wp\/v2\/media\/388"}],"wp:attachment":[{"href":"https:\/\/konpetsar.com\/en\/wp-json\/wp\/v2\/media?parent=409"}],"wp:term":[{"taxonomy":"product_cat","embeddable":true,"href":"https:\/\/konpetsar.com\/en\/wp-json\/wp\/v2\/product_cat?post=409"},{"taxonomy":"product_tag","embeddable":true,"href":"https:\/\/konpetsar.com\/en\/wp-json\/wp\/v2\/product_tag?post=409"}],"curies":[{"name":"wp","href":"https:\/\/api.w.org\/{rel}","templated":true}]}}