{"id":408,"date":"2023-07-29T13:17:50","date_gmt":"2023-07-29T13:17:50","guid":{"rendered":"http:\/\/konpetsar.com\/?post_type=product&#038;p=408"},"modified":"2023-07-29T13:17:50","modified_gmt":"2023-07-29T13:17:50","slug":"sivi-sabun","status":"publish","type":"product","link":"https:\/\/konpetsar.com\/en\/product\/sivi-sabun\/","title":{"rendered":"LIQUID SOAP"},"content":{"rendered":"<p>H&amp;M LUBR\u0130CANTS LIQUID SOAP is ideal for cleaning hands and ensuring hygiene. Its effective formula effortlessly removes dirt, oil, and other impurities. It gently cleanses and moisturizes the skin, leaving a refreshing sensation. H&amp;M LUBR\u0130CANTS LIQUID SOAP is a reliable choice for clean and healthy hands.<\/p>\n<p>Usage Instructions: Wet your hands. Take a sufficient amount of soap. Rub your hands together to create lather and rinse.<\/p>","protected":false},"excerpt":{"rendered":"<p>H&amp;M LUBR\u0130CANTS SIVI SABUN, ellerinizi temizlemek ve hijyen sa\u011flamak i\u00e7in idealdir. Etkili form\u00fcl\u00fc, kir, ya\u011f ve di\u011fer kirleticileri kolayca temizler. Cildinizi nazik\u00e7e temizlerken nemlendirir ve tazelik hissi verir. H&amp;M LUBR\u0130CANTS SIVI SABUN, temiz ve sa\u011fl\u0131kl\u0131 eller i\u00e7in g\u00fcvenilir bir se\u00e7imdir. Kullan\u0131m \u015eekli: Ellerinizi \u0131slat\u0131n. Yeterli miktarda sabunu al\u0131n. Ellerinizi ovalayarak k\u00f6p\u00fcrt\u00fcn ve durulay\u0131n.<\/p>","protected":false},"featured_media":403,"comment_status":"closed","ping_status":"closed","template":"","meta":{"_et_pb_use_builder":"on","_et_pb_old_content":"H&amp;M LUBR\u0130CANTS SIVI SABUN, ellerinizi temizlemek ve hijyen sa\u011flamak i\u00e7in idealdir. Etkili form\u00fcl\u00fc, kir, ya\u011f ve di\u011fer kirleticileri kolayca temizler. Cildinizi nazik\u00e7e temizlerken nemlendirir ve tazelik hissi verir. H&amp;M LUBR\u0130CANTS SIVI SABUN, temiz ve sa\u011fl\u0131kl\u0131 eller i\u00e7in g\u00fcvenilir bir se\u00e7imdir.\r\n\r\nKullan\u0131m \u015eekli: Ellerinizi \u0131slat\u0131n. Yeterli miktarda sabunu al\u0131n. Ellerinizi ovalayarak k\u00f6p\u00fcrt\u00fcn ve durulay\u0131n.","_et_gb_content_width":""},"product_cat":[24],"product_tag":[],"class_list":{"0":"post-408","1":"product","2":"type-product","3":"status-publish","4":"has-post-thumbnail","6":"product_cat-temizlik-urunleri","8":"first","9":"instock","10":"shipping-taxable","11":"product-type-simple"},"_links":{"self":[{"href":"https:\/\/konpetsar.com\/en\/wp-json\/wp\/v2\/product\/408","targetHints":{"allow":["GET"]}}],"collection":[{"href":"https:\/\/konpetsar.com\/en\/wp-json\/wp\/v2\/product"}],"about":[{"href":"https:\/\/konpetsar.com\/en\/wp-json\/wp\/v2\/types\/product"}],"replies":[{"embeddable":true,"href":"https:\/\/konpetsar.com\/en\/wp-json\/wp\/v2\/comments?post=408"}],"wp:featuredmedia":[{"embeddable":true,"href":"https:\/\/konpetsar.com\/en\/wp-json\/wp\/v2\/media\/403"}],"wp:attachment":[{"href":"https:\/\/konpetsar.com\/en\/wp-json\/wp\/v2\/media?parent=408"}],"wp:term":[{"taxonomy":"product_cat","embeddable":true,"href":"https:\/\/konpetsar.com\/en\/wp-json\/wp\/v2\/product_cat?post=408"},{"taxonomy":"product_tag","embeddable":true,"href":"https:\/\/konpetsar.com\/en\/wp-json\/wp\/v2\/product_tag?post=408"}],"curies":[{"name":"wp","href":"https:\/\/api.w.org\/{rel}","templated":true}]}}