{"id":407,"date":"2023-07-29T13:15:24","date_gmt":"2023-07-29T13:15:24","guid":{"rendered":"http:\/\/konpetsar.com\/?post_type=product&#038;p=407"},"modified":"2023-07-29T13:15:24","modified_gmt":"2023-07-29T13:15:24","slug":"yuzey-temizleyici","status":"publish","type":"product","link":"https:\/\/konpetsar.com\/en\/product\/yuzey-temizleyici\/","title":{"rendered":"SURFACE CLEANER"},"content":{"rendered":"<p>H&amp;M LUBR\u0130CANTS Surface Cleaner: It can be used for the cleaning of washable large surfaces. Its effective formula thoroughly cleans surfaces. It leaves a pleasant scent in the environment with its fragrance. It can be safely used for the cleaning of surfaces such as granite, marble, wood, and tiles. It does not leave any stains and provides a shiny finish.<\/p>\n<p class=\" translation-block\">Instructions for Use: Dilute with water according to the level of contamination. No need for rinsing. For heavily soiled surfaces, apply directly with a sponge or mop.<\/p>","protected":false},"excerpt":{"rendered":"<p>H&amp;M LUBR\u0130CANTS Y\u00fczey Temizleyici, y\u0131kanabilir geni\u015f y\u00fczeylerin etkili bir \u015fekilde temizlenmesi i\u00e7in idealdir. \u00d6zel form\u00fcl\u00fc sayesinde y\u00fczeyleri derinlemesine temizlerken, i\u00e7erdi\u011fi parf\u00fcm ile ortama ho\u015f bir koku b\u0131rak\u0131r. Granit, mermer, ah\u015fap ve fayans gibi y\u00fczeylerin g\u00fcvenle temizlenmesi i\u00e7in uygundur. Leke b\u0131rakmadan temizlik sa\u011flarken ayn\u0131 zamanda parlakl\u0131k verir. Kullanma Talimat\u0131: Kirlilik miktar\u0131na g\u00f6re su ile kar\u0131\u015ft\u0131rarak kullan\u0131l\u0131r. [&hellip;]<\/p>","protected":false},"featured_media":392,"comment_status":"closed","ping_status":"closed","template":"","meta":{"_et_pb_use_builder":"","_et_pb_old_content":"","_et_gb_content_width":""},"product_cat":[24],"product_tag":[],"class_list":{"0":"post-407","1":"product","2":"type-product","3":"status-publish","4":"has-post-thumbnail","6":"product_cat-temizlik-urunleri","8":"first","9":"instock","10":"shipping-taxable","11":"product-type-simple"},"_links":{"self":[{"href":"https:\/\/konpetsar.com\/en\/wp-json\/wp\/v2\/product\/407","targetHints":{"allow":["GET"]}}],"collection":[{"href":"https:\/\/konpetsar.com\/en\/wp-json\/wp\/v2\/product"}],"about":[{"href":"https:\/\/konpetsar.com\/en\/wp-json\/wp\/v2\/types\/product"}],"replies":[{"embeddable":true,"href":"https:\/\/konpetsar.com\/en\/wp-json\/wp\/v2\/comments?post=407"}],"wp:featuredmedia":[{"embeddable":true,"href":"https:\/\/konpetsar.com\/en\/wp-json\/wp\/v2\/media\/392"}],"wp:attachment":[{"href":"https:\/\/konpetsar.com\/en\/wp-json\/wp\/v2\/media?parent=407"}],"wp:term":[{"taxonomy":"product_cat","embeddable":true,"href":"https:\/\/konpetsar.com\/en\/wp-json\/wp\/v2\/product_cat?post=407"},{"taxonomy":"product_tag","embeddable":true,"href":"https:\/\/konpetsar.com\/en\/wp-json\/wp\/v2\/product_tag?post=407"}],"curies":[{"name":"wp","href":"https:\/\/api.w.org\/{rel}","templated":true}]}}