{"id":406,"date":"2023-07-29T13:14:02","date_gmt":"2023-07-29T13:14:02","guid":{"rendered":"http:\/\/konpetsar.com\/?post_type=product&#038;p=406"},"modified":"2023-07-29T13:14:02","modified_gmt":"2023-07-29T13:14:02","slug":"cam-temizleyici","status":"publish","type":"product","link":"https:\/\/konpetsar.com\/en\/product\/cam-temizleyici\/","title":{"rendered":"GLASS CLEANER"},"content":{"rendered":"<p>GLASS CLEANER: H&amp;M LUBRICANTS GLASS CLEANER is specially formulated to effortlessly dissolve and remove dirt, grease, and stains from glass surfaces. It dries quickly without leaving any streaks or residue, ensuring a clear and pristine view. This product can be used on both interior and exterior glass, providing effective cleaning not only for vehicles but also for homes and other glass surfaces. Keep your glass surfaces clear and sparkling with H&amp;M LUBRICANTS GLASS CLEANER.<\/p>\n<p><strong>Instructions for Use:<\/strong> Spray a sufficient amount onto the glass surface, then clean by rubbing with a cloth.<\/p>","protected":false},"excerpt":{"rendered":"<p>Cam y\u00fczeylerdeki kir, ya\u011f ve lekeleri kolayca \u00e7\u00f6zer ve temizler. Camlarda iz veya kal\u0131nt\u0131 b\u0131rakmadan h\u0131zl\u0131 bir \u015fekilde kurur, b\u00f6ylece net bir g\u00f6r\u00fc\u015f sa\u011flar. Hem i\u00e7 hem de d\u0131\u015f camlarda kullan\u0131labilen bu \u00fcr\u00fcn, ara\u00e7lar\u0131n yan\u0131 s\u0131ra evlerde ve di\u011fer cam y\u00fczeylerde de etkili bir temizlik sa\u011flar. Kullanma Talimat\u0131: Cam y\u00fczeyine yeterli miktarda p\u00fcsk\u00fcrt\u00fcn\u00fcz, bir bez [&hellip;]<\/p>","protected":false},"featured_media":395,"comment_status":"closed","ping_status":"closed","template":"","meta":{"_et_pb_use_builder":"","_et_pb_old_content":"","_et_gb_content_width":""},"product_cat":[24],"product_tag":[],"class_list":{"0":"post-406","1":"product","2":"type-product","3":"status-publish","4":"has-post-thumbnail","6":"product_cat-temizlik-urunleri","8":"first","9":"instock","10":"shipping-taxable","11":"product-type-simple"},"_links":{"self":[{"href":"https:\/\/konpetsar.com\/en\/wp-json\/wp\/v2\/product\/406","targetHints":{"allow":["GET"]}}],"collection":[{"href":"https:\/\/konpetsar.com\/en\/wp-json\/wp\/v2\/product"}],"about":[{"href":"https:\/\/konpetsar.com\/en\/wp-json\/wp\/v2\/types\/product"}],"replies":[{"embeddable":true,"href":"https:\/\/konpetsar.com\/en\/wp-json\/wp\/v2\/comments?post=406"}],"wp:featuredmedia":[{"embeddable":true,"href":"https:\/\/konpetsar.com\/en\/wp-json\/wp\/v2\/media\/395"}],"wp:attachment":[{"href":"https:\/\/konpetsar.com\/en\/wp-json\/wp\/v2\/media?parent=406"}],"wp:term":[{"taxonomy":"product_cat","embeddable":true,"href":"https:\/\/konpetsar.com\/en\/wp-json\/wp\/v2\/product_cat?post=406"},{"taxonomy":"product_tag","embeddable":true,"href":"https:\/\/konpetsar.com\/en\/wp-json\/wp\/v2\/product_tag?post=406"}],"curies":[{"name":"wp","href":"https:\/\/api.w.org\/{rel}","templated":true}]}}