{"id":387,"date":"2023-07-29T13:12:35","date_gmt":"2023-07-29T13:12:35","guid":{"rendered":"http:\/\/konpetsar.com\/?post_type=product&#038;p=387"},"modified":"2023-07-29T13:12:35","modified_gmt":"2023-07-29T13:12:35","slug":"kir-yag-sokucu","status":"publish","type":"product","link":"https:\/\/konpetsar.com\/en\/product\/kir-yag-sokucu\/","title":{"rendered":"DIRT OIL REMOVER"},"content":{"rendered":"<p>With its powerful formula, it effectively cleans and polishes oily and dirty surfaces. Whether in industrial settings, garages, workshops, or for tough grease and stain removal at home, H&amp;M LUBR\u0130CANTS GREASE AND OIL REMOVER provides an ideal solution. It is a safe-to-use product that makes your cleaning tasks easier and delivers excellent results everywhere it is applied.<\/p>\n<p>Instructions for Use: Apply the spray according to the level of contamination. After waiting for a few minutes, clean with a clean cloth or sponge.<\/p>","protected":false},"excerpt":{"rendered":"<p>G\u00fc\u00e7l\u00fc form\u00fcl\u00fc sayesinde ya\u011fl\u0131 ve kirli y\u00fczeyleri etkili bir \u015fekilde temizler ve parlat\u0131r. End\u00fcstriyel alanlarda, garajlarda, at\u00f6lyelerde veya evdeki zorlu ya\u011f lekelerini ve kirleri \u00e7\u00f6zmek i\u00e7in ideal bir \u00e7\u00f6z\u00fcmd\u00fcr. H&amp;M LUBR\u0130CANTS K\u0130R YA\u011e S\u00d6K\u00dcC\u00dc, g\u00fcvenle kullanabilece\u011finiz bir \u00fcr\u00fcn olup, her yerde temizlik i\u015flerinizi kolayla\u015ft\u0131r\u0131r ve m\u00fckemmel sonu\u00e7lar sa\u011flar. Kullanma Talimat\u0131: Kirlilik durumuna g\u00f6re p\u00fcsk\u00fcrtme uygulay\u0131n\u0131z. [&hellip;]<\/p>","protected":false},"featured_media":399,"comment_status":"closed","ping_status":"closed","template":"","meta":{"_et_pb_use_builder":"","_et_pb_old_content":"","_et_gb_content_width":""},"product_cat":[24],"product_tag":[],"class_list":{"0":"post-387","1":"product","2":"type-product","3":"status-publish","4":"has-post-thumbnail","6":"product_cat-temizlik-urunleri","8":"first","9":"instock","10":"shipping-taxable","11":"product-type-simple"},"_links":{"self":[{"href":"https:\/\/konpetsar.com\/en\/wp-json\/wp\/v2\/product\/387","targetHints":{"allow":["GET"]}}],"collection":[{"href":"https:\/\/konpetsar.com\/en\/wp-json\/wp\/v2\/product"}],"about":[{"href":"https:\/\/konpetsar.com\/en\/wp-json\/wp\/v2\/types\/product"}],"replies":[{"embeddable":true,"href":"https:\/\/konpetsar.com\/en\/wp-json\/wp\/v2\/comments?post=387"}],"wp:featuredmedia":[{"embeddable":true,"href":"https:\/\/konpetsar.com\/en\/wp-json\/wp\/v2\/media\/399"}],"wp:attachment":[{"href":"https:\/\/konpetsar.com\/en\/wp-json\/wp\/v2\/media?parent=387"}],"wp:term":[{"taxonomy":"product_cat","embeddable":true,"href":"https:\/\/konpetsar.com\/en\/wp-json\/wp\/v2\/product_cat?post=387"},{"taxonomy":"product_tag","embeddable":true,"href":"https:\/\/konpetsar.com\/en\/wp-json\/wp\/v2\/product_tag?post=387"}],"curies":[{"name":"wp","href":"https:\/\/api.w.org\/{rel}","templated":true}]}}