{"id":347,"date":"2023-07-29T11:57:06","date_gmt":"2023-07-29T11:57:06","guid":{"rendered":"http:\/\/konpetsar.com\/?post_type=product&#038;p=347"},"modified":"2023-07-29T16:21:51","modified_gmt":"2023-07-29T16:21:51","slug":"multi-sprey","status":"publish","type":"product","link":"https:\/\/konpetsar.com\/en\/product\/multi-sprey\/","title":{"rendered":"Multi Sprey"},"content":{"rendered":"<p>H&amp;M LUBRICANTS transforms your surroundings and vehicle into a unique experience with its exceptional performance and a variety of scents. This product range revitalizes your environment by providing a fresh and pleasant aroma with each use, while giving your vehicle a long-lasting feeling of freshness. With options ranging from sweet and fruity notes to refreshing ocean breezes, energetic spring fragrances, and sophisticated woody essences, H&amp;M LUBRICANTS offers a wide selection of scents.<\/p>","protected":false},"excerpt":{"rendered":"<p>H&amp;M LUBRICANTS transforms your surroundings and vehicle into a unique experience with its exceptional performance and a variety of scents. This product range revitalizes your environment by providing a fresh and pleasant aroma with each use, while giving your vehicle a long-lasting feeling of freshness. With options ranging from sweet and fruity notes to refreshing ocean breezes, energetic spring fragrances, and sophisticated woody essences, H&amp;M LUBRICANTS offers a wide selection of scents.<\/p>","protected":false},"featured_media":354,"comment_status":"closed","ping_status":"closed","template":"","meta":{"_et_pb_use_builder":"off","_et_pb_old_content":"H&M LUBRICANTS, m\u00fckemmel performans\u0131 ve \u00e7e\u015fitli kokular\u0131yla ortam\u0131n\u0131z\u0131 ve arac\u0131n\u0131z\u0131 benzersiz bir deneyime d\u00f6n\u00fc\u015ft\u00fcr\u00fcyor. Bu \u00fcr\u00fcn serisi, her kullan\u0131mda taze ve ho\u015f bir koku sunarak \u00e7evrenizi canland\u0131r\u0131rken, arac\u0131n\u0131za uzun s\u00fcren bir ferahl\u0131k hissi verir. Tatl\u0131 ve meyveli notalardan ferahlat\u0131c\u0131 okyanus esintilerine, enerjik bahar kokular\u0131ndan sofistike odunsu esanslara kadar bir\u00e7ok se\u00e7enek sunar.","_et_gb_content_width":""},"product_cat":[23],"product_tag":[],"class_list":{"0":"post-347","1":"product","2":"type-product","3":"status-publish","4":"has-post-thumbnail","6":"product_cat-ortam-kokulari","8":"first","9":"instock","10":"shipping-taxable","11":"product-type-simple"},"_links":{"self":[{"href":"https:\/\/konpetsar.com\/en\/wp-json\/wp\/v2\/product\/347","targetHints":{"allow":["GET"]}}],"collection":[{"href":"https:\/\/konpetsar.com\/en\/wp-json\/wp\/v2\/product"}],"about":[{"href":"https:\/\/konpetsar.com\/en\/wp-json\/wp\/v2\/types\/product"}],"replies":[{"embeddable":true,"href":"https:\/\/konpetsar.com\/en\/wp-json\/wp\/v2\/comments?post=347"}],"wp:featuredmedia":[{"embeddable":true,"href":"https:\/\/konpetsar.com\/en\/wp-json\/wp\/v2\/media\/354"}],"wp:attachment":[{"href":"https:\/\/konpetsar.com\/en\/wp-json\/wp\/v2\/media?parent=347"}],"wp:term":[{"taxonomy":"product_cat","embeddable":true,"href":"https:\/\/konpetsar.com\/en\/wp-json\/wp\/v2\/product_cat?post=347"},{"taxonomy":"product_tag","embeddable":true,"href":"https:\/\/konpetsar.com\/en\/wp-json\/wp\/v2\/product_tag?post=347"}],"curies":[{"name":"wp","href":"https:\/\/api.w.org\/{rel}","templated":true}]}}