{"id":332,"date":"2023-07-29T11:30:35","date_gmt":"2023-07-29T11:30:35","guid":{"rendered":"http:\/\/konpetsar.com\/?post_type=product&#038;p=332"},"modified":"2023-07-29T11:32:31","modified_gmt":"2023-07-29T11:32:31","slug":"mavi-konsantre-antifiriz","status":"publish","type":"product","link":"https:\/\/konpetsar.com\/en\/product\/mavi-konsantre-antifiriz\/","title":{"rendered":"SUPER CONCENTRATE ANTIFREEZE - BLUE"},"content":{"rendered":"<p>H&amp;M LUBR\u0130CANTS Antifreeze is a specially formulated product designed to ensure the healthy and safe operation of your vehicle\u2019s engine. It prevents the engine from freezing in cold weather, preserving the water in the system and maintaining optimal operating temperature. Additionally, it prevents the engine from overheating at high temperatures and effectively supports the cooling system. H&amp;M LUBR\u0130CANTS Antifreeze provides long-lasting protection while delivering excellent performance without causing harm to the metal and gaskets inside the engine. Choose H&amp;M LUBR\u0130CANTS Antifreeze to keep your engine safe and running smoothly.<\/p>\n<p class=\" translation-block\">USAGE AREAS: It is used in aluminum and other types of radiators to prevent the radiator coolant from freezing in cold weather and boiling in hot weather, making it suitable for use throughout the year.\n<br \/>\nBENEFITS: It prevents the radiator coolant in motor vehicles from freezing during cold weather. Additionally, it raises the boiling point of the water, preventing the radiator coolant from boiling during the summer season. It does not have any harmful effects on the metals and rubber hoses in the cooling system.\n<br \/>\nSPECIFICATIONS: It is an ethylene glycol-based product designed for use in engine radiators, containing rust, corrosion, wear, and foam inhibitors.<\/p>\n<p>&nbsp;<\/p>\n<h5>Freezing Point and Concentrate-Water Ratio<\/h5>\n<table>\n<tbody>\n<tr>\n<th>Donma Noktas\u0131<\/th>\n<th>Konsantre Oran\u0131<\/th>\n<th>Su Oran\u0131<\/th>\n<\/tr>\n<tr>\n<td>-6\u00b0C (21\u00b0F)<\/td>\n<td>15%<\/td>\n<td>85%<\/td>\n<\/tr>\n<tr>\n<td>-1\u00b0C (14\u00b0F)<\/td>\n<td>22%<\/td>\n<td>78%<\/td>\n<\/tr>\n<tr>\n<td>-15\u00b0C (5\u00b0F)<\/td>\n<td>30%<\/td>\n<td>70%<\/td>\n<\/tr>\n<tr>\n<td>-20\u00b0C (-4\u00b0F)<\/td>\n<td>35%<\/td>\n<td>65%<\/td>\n<\/tr>\n<tr>\n<td>-25\u00b0C (-13\u00b0F)<\/td>\n<td>41 %<\/td>\n<td>59%<\/td>\n<\/tr>\n<tr>\n<td>-30\u00b0C (-22\u00b0F)<\/td>\n<td>45 %<\/td>\n<td>55%<\/td>\n<\/tr>\n<tr>\n<td>-40\u00b0C (-40\u00b0F)<\/td>\n<td>52%<\/td>\n<td>48%<\/td>\n<\/tr>\n<tr>\n<td>-52\u00b0C (-62\u00b0F)<\/td>\n<td>600\/0<\/td>\n<td>40%<\/td>\n<\/tr>\n<\/tbody>\n<\/table>","protected":false},"excerpt":{"rendered":"<p>Arac\u0131n\u0131z\u0131n motorunun sa\u011fl\u0131kl\u0131 ve g\u00fcvenli bir \u015fekilde \u00e7al\u0131\u015fmas\u0131n\u0131 sa\u011flamak i\u00e7in \u00f6zel olarak form\u00fcle edilmi\u015f bir \u00fcr\u00fcnd\u00fcr. So\u011fuk havalarda motorun donmas\u0131n\u0131 engelleyerek, sistemdeki suyun korunmas\u0131n\u0131 ve optimum s\u0131cakl\u0131kta \u00e7al\u0131\u015fmas\u0131n\u0131 sa\u011flar. Ayn\u0131 zamanda y\u00fcksek s\u0131cakl\u0131klarda motorun a\u015f\u0131r\u0131 \u0131s\u0131nmas\u0131n\u0131 \u00f6nler ve so\u011futma sistemini etkin bir \u015fekilde destekler. H&amp;M LUBR\u0130CANTS Antifiriz, uzun \u00f6m\u00fcrl\u00fc koruma sa\u011flarken, motorun i\u00e7indeki metal ve [&hellip;]<\/p>","protected":false},"featured_media":324,"comment_status":"closed","ping_status":"closed","template":"","meta":{"_et_pb_use_builder":"","_et_pb_old_content":"","_et_gb_content_width":""},"product_cat":[22],"product_tag":[],"class_list":{"0":"post-332","1":"product","2":"type-product","3":"status-publish","4":"has-post-thumbnail","6":"product_cat-antifiriz","8":"first","9":"instock","10":"shipping-taxable","11":"product-type-simple"},"_links":{"self":[{"href":"https:\/\/konpetsar.com\/en\/wp-json\/wp\/v2\/product\/332","targetHints":{"allow":["GET"]}}],"collection":[{"href":"https:\/\/konpetsar.com\/en\/wp-json\/wp\/v2\/product"}],"about":[{"href":"https:\/\/konpetsar.com\/en\/wp-json\/wp\/v2\/types\/product"}],"replies":[{"embeddable":true,"href":"https:\/\/konpetsar.com\/en\/wp-json\/wp\/v2\/comments?post=332"}],"wp:featuredmedia":[{"embeddable":true,"href":"https:\/\/konpetsar.com\/en\/wp-json\/wp\/v2\/media\/324"}],"wp:attachment":[{"href":"https:\/\/konpetsar.com\/en\/wp-json\/wp\/v2\/media?parent=332"}],"wp:term":[{"taxonomy":"product_cat","embeddable":true,"href":"https:\/\/konpetsar.com\/en\/wp-json\/wp\/v2\/product_cat?post=332"},{"taxonomy":"product_tag","embeddable":true,"href":"https:\/\/konpetsar.com\/en\/wp-json\/wp\/v2\/product_tag?post=332"}],"curies":[{"name":"wp","href":"https:\/\/api.w.org\/{rel}","templated":true}]}}