{"id":331,"date":"2023-07-29T11:27:39","date_gmt":"2023-07-29T11:27:39","guid":{"rendered":"http:\/\/konpetsar.com\/?post_type=product&#038;p=331"},"modified":"2023-07-29T15:59:31","modified_gmt":"2023-07-29T15:59:31","slug":"mavi-super-antifiriz","status":"publish","type":"product","link":"https:\/\/konpetsar.com\/en\/product\/mavi-super-antifiriz\/","title":{"rendered":"SUPER ANTIFREEZE - BLUE"},"content":{"rendered":"<p>H&amp;M LUBR\u0130CANTS Antifreeze is a specially formulated product designed to ensure the healthy and safe operation of your vehicle\u2019s engine. It prevents the engine from freezing in cold weather, preserving the water in the system and maintaining optimal operating temperature. Additionally, it prevents the engine from overheating at high temperatures and effectively supports the cooling system. H&amp;M LUBR\u0130CANTS Antifreeze provides long-lasting protection while delivering excellent performance without causing harm to the metal and gaskets inside the engine. Choose H&amp;M LUBR\u0130CANTS Antifreeze to keep your engine safe and running smoothly.<\/p>\n<p class=\" translation-block\"><strong>KULLANIM ALANLARI:<\/strong> Al\u00fcminyum ve di\u011fer tip radyat\u00f6rlerde, radyat\u00f6r suyunun so\u011fuk havalarda donmas\u0131n\u0131 S\u0131cak havalarda ise kaynamas\u0131n\u0131 \u00f6nledi\u011finden yaz, k\u0131\u015f kullan\u0131l\u0131r.<br>\r\n<strong>FAYDALARI:<\/strong> So\u011fuk havalarda motorlu ara\u00e7lar\u0131n radyat\u00f6r sular\u0131n\u0131n donmas\u0131n\u0131 \u00f6nler. Ayn\u0131 zamanda suyun kaynama noktas\u0131n\u0131 da y\u00fckseltti\u011fi i\u00e7in yaz mevsiminde radyat\u00f6r suyunun kaynamas\u0131n\u0131 \u00f6nler. So\u011futma sistemindeki metaller ve lastik hortumlar \u00fczerinde herhangi bir zararl\u0131 etkisi yoktur.<br>\r\n<strong>\u00d6ZELL\u0130KLER\u0130:<\/strong> Motorlar\u0131n radyat\u00f6rlerinde kullan\u0131lmak \u00fczere, pas, korozyon, a\u015f\u0131nma ve k\u00f6p\u00fck \u00f6nleyici i\u00e7eren etilen glikol esasl\u0131 \u00fcr\u00fcnd\u00fcr.<\/p>\n<h2><\/h2>\n<table style=\"width: 330px;\">\n<tbody>\n<tr>\n<th style=\"width: 211.656px;\">Typical Properties:<\/th>\n<th style=\"width: 102.344px;\"><\/th>\n<\/tr>\n<tr>\n<td style=\"width: 211.656px;\">Density<\/td>\n<td style=\"width: 102.344px;\">1050<\/td>\n<\/tr>\n<tr>\n<td style=\"width: 211.656px;\">Flash Point<\/td>\n<td style=\"width: 102.344px;\">105<\/td>\n<\/tr>\n<tr>\n<td style=\"width: 211.656px;\">Boiling Point<\/td>\n<td style=\"width: 102.344px;\">108<\/td>\n<\/tr>\n<tr>\n<td style=\"width: 211.656px;\">Freezing Point<\/td>\n<td style=\"width: 102.344px;\">-37<\/td>\n<\/tr>\n<tr>\n<td style=\"width: 211.656px;\">pH<\/td>\n<td style=\"width: 102.344px;\">9<\/td>\n<\/tr>\n<\/tbody>\n<\/table>","protected":false},"excerpt":{"rendered":"<p>Arac\u0131n\u0131z\u0131n motorunun sa\u011fl\u0131kl\u0131 ve g\u00fcvenli bir \u015fekilde \u00e7al\u0131\u015fmas\u0131n\u0131 sa\u011flamak i\u00e7in \u00f6zel olarak form\u00fcle edilmi\u015f bir \u00fcr\u00fcnd\u00fcr. So\u011fuk havalarda motorun donmas\u0131n\u0131 engelleyerek, sistemdeki suyun korunmas\u0131n\u0131 ve optimum s\u0131cakl\u0131kta \u00e7al\u0131\u015fmas\u0131n\u0131 sa\u011flar. Ayn\u0131 zamanda y\u00fcksek s\u0131cakl\u0131klarda motorun a\u015f\u0131r\u0131 \u0131s\u0131nmas\u0131n\u0131 \u00f6nler ve so\u011futma sistemini etkin bir \u015fekilde destekler. H&amp;M LUBR\u0130CANTS Antifiriz, uzun \u00f6m\u00fcrl\u00fc koruma sa\u011flarken, motorun i\u00e7indeki metal ve [&hellip;]<\/p>","protected":false},"featured_media":327,"comment_status":"closed","ping_status":"closed","template":"","meta":{"_et_pb_use_builder":"","_et_pb_old_content":"","_et_gb_content_width":""},"product_cat":[22],"product_tag":[],"class_list":{"0":"post-331","1":"product","2":"type-product","3":"status-publish","4":"has-post-thumbnail","6":"product_cat-antifiriz","8":"first","9":"instock","10":"shipping-taxable","11":"product-type-simple"},"_links":{"self":[{"href":"https:\/\/konpetsar.com\/en\/wp-json\/wp\/v2\/product\/331","targetHints":{"allow":["GET"]}}],"collection":[{"href":"https:\/\/konpetsar.com\/en\/wp-json\/wp\/v2\/product"}],"about":[{"href":"https:\/\/konpetsar.com\/en\/wp-json\/wp\/v2\/types\/product"}],"replies":[{"embeddable":true,"href":"https:\/\/konpetsar.com\/en\/wp-json\/wp\/v2\/comments?post=331"}],"wp:featuredmedia":[{"embeddable":true,"href":"https:\/\/konpetsar.com\/en\/wp-json\/wp\/v2\/media\/327"}],"wp:attachment":[{"href":"https:\/\/konpetsar.com\/en\/wp-json\/wp\/v2\/media?parent=331"}],"wp:term":[{"taxonomy":"product_cat","embeddable":true,"href":"https:\/\/konpetsar.com\/en\/wp-json\/wp\/v2\/product_cat?post=331"},{"taxonomy":"product_tag","embeddable":true,"href":"https:\/\/konpetsar.com\/en\/wp-json\/wp\/v2\/product_tag?post=331"}],"curies":[{"name":"wp","href":"https:\/\/api.w.org\/{rel}","templated":true}]}}