{"id":311,"date":"2023-07-29T10:51:18","date_gmt":"2023-07-29T10:51:18","guid":{"rendered":"http:\/\/konpetsar.com\/?post_type=product&#038;p=311"},"modified":"2023-07-29T10:52:15","modified_gmt":"2023-07-29T10:52:15","slug":"oto-yikama-sungeri","status":"publish","type":"product","link":"https:\/\/konpetsar.com\/en\/product\/oto-yikama-sungeri\/","title":{"rendered":"Car Wash Sponge"},"content":{"rendered":"<p>With its soft and absorbent structure, it easily creates foam and gently cleans the surface of your car. Its ergonomic design ensures easy handling and a comfortable fit in your hand.<\/p>","protected":false},"excerpt":{"rendered":"<p>With its soft and absorbent structure, it easily creates foam and gently cleans the surface of your car. Its ergonomic design ensures easy handling and a comfortable fit in your hand.<\/p>","protected":false},"featured_media":307,"comment_status":"closed","ping_status":"closed","template":"","meta":{"_et_pb_use_builder":"off","_et_pb_old_content":"H&M LUBRICANTS TORP\u0130DO PARLATICI, g\u00fcvenle kullanabilece\u011finiz etkileyici ve koruyucu bir bak\u0131m s\u00fct\u00fcd\u00fcr. \u00d6zel form\u00fclasyonu sayesinde toz ve kirlenmeyi engeller. Ara\u00e7 lastiklerinde besleyici bir parlakl\u0131k sa\u011flar ve korur.","_et_gb_content_width":""},"product_cat":[21],"product_tag":[],"class_list":{"0":"post-311","1":"product","2":"type-product","3":"status-publish","4":"has-post-thumbnail","6":"product_cat-oto-yikama-urunleri","8":"first","9":"instock","10":"shipping-taxable","11":"product-type-simple"},"_links":{"self":[{"href":"https:\/\/konpetsar.com\/en\/wp-json\/wp\/v2\/product\/311","targetHints":{"allow":["GET"]}}],"collection":[{"href":"https:\/\/konpetsar.com\/en\/wp-json\/wp\/v2\/product"}],"about":[{"href":"https:\/\/konpetsar.com\/en\/wp-json\/wp\/v2\/types\/product"}],"replies":[{"embeddable":true,"href":"https:\/\/konpetsar.com\/en\/wp-json\/wp\/v2\/comments?post=311"}],"wp:featuredmedia":[{"embeddable":true,"href":"https:\/\/konpetsar.com\/en\/wp-json\/wp\/v2\/media\/307"}],"wp:attachment":[{"href":"https:\/\/konpetsar.com\/en\/wp-json\/wp\/v2\/media?parent=311"}],"wp:term":[{"taxonomy":"product_cat","embeddable":true,"href":"https:\/\/konpetsar.com\/en\/wp-json\/wp\/v2\/product_cat?post=311"},{"taxonomy":"product_tag","embeddable":true,"href":"https:\/\/konpetsar.com\/en\/wp-json\/wp\/v2\/product_tag?post=311"}],"curies":[{"name":"wp","href":"https:\/\/api.w.org\/{rel}","templated":true}]}}