{"id":310,"date":"2023-07-29T10:48:15","date_gmt":"2023-07-29T10:48:15","guid":{"rendered":"http:\/\/konpetsar.com\/?post_type=product&#038;p=310"},"modified":"2023-07-29T10:51:02","modified_gmt":"2023-07-29T10:51:02","slug":"cilali-fircasiz-oto-yikama-kopugu","status":"publish","type":"product","link":"https:\/\/konpetsar.com\/en\/product\/cilali-fircasiz-oto-yikama-kopugu\/","title":{"rendered":"Polished Brushless\nCar Wash FoamWash Shampoo"},"content":{"rendered":"<p>It is a high foaming car wash shampoo that can be used for washing all types of vehicles. With its special formulation, it effectively removes dirt from the exterior surface and provides a shiny appearance.<\/p>\n<p class=\" translation-block\">KULLANMA TAL\u0130MATI: Tavsiye edilen seyreltme oran\u0131 k\u00f6p\u00fck tanklar\u0131 i\u00e7in 1\/60 t\u0131r.(60 kg k\u00f6p\u00fck tank\u0131na 1 kg H&amp;M LUBR\u0130CANTS OTO \u015eAMPUANI). Bas\u0131n\u00e7l\u0131 p\u00fcsk\u00fcrtme ile k\u00f6p\u00fck ara\u00e7 \u00fczerine<br>\r\nuygulan\u0131r 1-2 dk. Bekledikten sonra bas\u0131n\u00e7l\u0131 su ile k\u00f6p\u00fck durulan\u0131r. Daha sonra bez ile ara\u00e7 silinerek kurulan\u0131r. Uygulama esnas\u0131nda f\u0131r\u00e7a kullan\u0131m\u0131na gerek yoktur.<\/p>","protected":false},"excerpt":{"rendered":"<p>Her t\u00fcrl\u00fc arac\u0131n f\u0131r\u00e7as\u0131z y\u0131kamas\u0131 i\u00e7in kullan\u0131labilen bol k\u00f6p\u00fckl\u00fc f\u0131r\u00e7as\u0131z oto y\u0131kama k\u00f6p\u00fc\u011f\u00fcd\u00fcr. \u00d6zel form\u00fclasyonu sayesinde d\u0131\u015f y\u00fczeydeki kirleri derinlemesine \u00e7\u0131kart\u0131r ve parlak bir g\u00f6r\u00fcn\u00fcm sa\u011flar. KULLANMA TAL\u0130MATI: Tavsiye edilen seyreltme oran\u0131 k\u00f6p\u00fck tanklar\u0131 i\u00e7in 1\/60 t\u0131r.(60 kg k\u00f6p\u00fck tank\u0131na 1 kg H&amp;M LUBR\u0130CANTS OTO \u015eAMPUANI). Bas\u0131n\u00e7l\u0131 p\u00fcsk\u00fcrtme ile k\u00f6p\u00fck ara\u00e7 \u00fczerine uygulan\u0131r 1-2 dk. [&hellip;]<\/p>","protected":false},"featured_media":302,"comment_status":"closed","ping_status":"closed","template":"","meta":{"_et_pb_use_builder":"off","_et_pb_old_content":"H&M LUBRICANTS TORP\u0130DO PARLATICI, g\u00fcvenle kullanabilece\u011finiz etkileyici ve koruyucu bir bak\u0131m s\u00fct\u00fcd\u00fcr. \u00d6zel form\u00fclasyonu sayesinde toz ve kirlenmeyi engeller. Ara\u00e7 lastiklerinde besleyici bir parlakl\u0131k sa\u011flar ve korur.","_et_gb_content_width":""},"product_cat":[21],"product_tag":[],"class_list":{"0":"post-310","1":"product","2":"type-product","3":"status-publish","4":"has-post-thumbnail","6":"product_cat-oto-yikama-urunleri","8":"first","9":"instock","10":"shipping-taxable","11":"product-type-simple"},"_links":{"self":[{"href":"https:\/\/konpetsar.com\/en\/wp-json\/wp\/v2\/product\/310","targetHints":{"allow":["GET"]}}],"collection":[{"href":"https:\/\/konpetsar.com\/en\/wp-json\/wp\/v2\/product"}],"about":[{"href":"https:\/\/konpetsar.com\/en\/wp-json\/wp\/v2\/types\/product"}],"replies":[{"embeddable":true,"href":"https:\/\/konpetsar.com\/en\/wp-json\/wp\/v2\/comments?post=310"}],"wp:featuredmedia":[{"embeddable":true,"href":"https:\/\/konpetsar.com\/en\/wp-json\/wp\/v2\/media\/302"}],"wp:attachment":[{"href":"https:\/\/konpetsar.com\/en\/wp-json\/wp\/v2\/media?parent=310"}],"wp:term":[{"taxonomy":"product_cat","embeddable":true,"href":"https:\/\/konpetsar.com\/en\/wp-json\/wp\/v2\/product_cat?post=310"},{"taxonomy":"product_tag","embeddable":true,"href":"https:\/\/konpetsar.com\/en\/wp-json\/wp\/v2\/product_tag?post=310"}],"curies":[{"name":"wp","href":"https:\/\/api.w.org\/{rel}","templated":true}]}}