{"id":309,"date":"2023-07-29T10:34:29","date_gmt":"2023-07-29T10:34:29","guid":{"rendered":"http:\/\/konpetsar.com\/?post_type=product&#038;p=309"},"modified":"2023-07-29T10:51:38","modified_gmt":"2023-07-29T10:51:38","slug":"cilali-oto-sampuani","status":"publish","type":"product","link":"https:\/\/konpetsar.com\/en\/product\/cilali-oto-sampuani\/","title":{"rendered":"Polished Car Shampoo"},"content":{"rendered":"<p>It is a high foaming car wash shampoo that can be used for washing all types of vehicles. With its special formulation, it effectively removes dirt from the exterior surface and provides a shiny appearance.<\/p>\n<p class=\" translation-block\"><strong>KULLANMA TAL\u0130MATI:<\/strong> Y\u0131kamaya ba\u015flamadan \u00f6nce arac\u0131n\u0131z\u0131n y\u00fczeyini su ile durulay\u0131n\u0131z. 5 lt suya bir \u00e7ay barda\u011f\u0131 \u015fampuan koyup kar\u0131\u015ft\u0131r\u0131n\u0131z.<br>\r\nF\u0131r\u00e7a veya s\u00fcngerle otonuzun t\u00fcm d\u0131\u015f y\u00fczeyini y\u0131kay\u0131p bol su ile durulay\u0131n\u0131z. Daha sonra bez ile arac\u0131n\u0131z\u0131 silerek kurulay\u0131n\u0131z.<\/p>\n<p>&nbsp;<\/p>","protected":false},"excerpt":{"rendered":"<p>Her t\u00fcrl\u00fc arac\u0131n y\u0131kamas\u0131 i\u00e7in kullan\u0131labilen bol k\u00f6p\u00fckl\u00fc oto y\u0131kama \u015fampuan\u0131d\u0131r. \u00d6zel form\u00fclasyonu sayesinde d\u0131\u015f y\u00fczeydeki kirleri derinlemesine \u00e7\u0131kart\u0131r ve parlak bir g\u00f6r\u00fcn\u00fcm sa\u011flar. KULLANMA TAL\u0130MATI: Y\u0131kamaya ba\u015flamadan \u00f6nce arac\u0131n\u0131z\u0131n y\u00fczeyini su ile durulay\u0131n\u0131z. 5 lt suya bir \u00e7ay barda\u011f\u0131 \u015fampuan koyup kar\u0131\u015ft\u0131r\u0131n\u0131z. F\u0131r\u00e7a veya s\u00fcngerle otonuzun t\u00fcm d\u0131\u015f y\u00fczeyini y\u0131kay\u0131p bol su ile durulay\u0131n\u0131z. [&hellip;]<\/p>","protected":false},"featured_media":305,"comment_status":"closed","ping_status":"closed","template":"","meta":{"_et_pb_use_builder":"off","_et_pb_old_content":"H&M LUBRICANTS TORP\u0130DO PARLATICI, g\u00fcvenle kullanabilece\u011finiz etkileyici ve koruyucu bir bak\u0131m s\u00fct\u00fcd\u00fcr. \u00d6zel form\u00fclasyonu sayesinde toz ve kirlenmeyi engeller. Ara\u00e7 lastiklerinde besleyici bir parlakl\u0131k sa\u011flar ve korur.","_et_gb_content_width":""},"product_cat":[21],"product_tag":[],"class_list":{"0":"post-309","1":"product","2":"type-product","3":"status-publish","4":"has-post-thumbnail","6":"product_cat-oto-yikama-urunleri","8":"first","9":"instock","10":"shipping-taxable","11":"product-type-simple"},"_links":{"self":[{"href":"https:\/\/konpetsar.com\/en\/wp-json\/wp\/v2\/product\/309","targetHints":{"allow":["GET"]}}],"collection":[{"href":"https:\/\/konpetsar.com\/en\/wp-json\/wp\/v2\/product"}],"about":[{"href":"https:\/\/konpetsar.com\/en\/wp-json\/wp\/v2\/types\/product"}],"replies":[{"embeddable":true,"href":"https:\/\/konpetsar.com\/en\/wp-json\/wp\/v2\/comments?post=309"}],"wp:featuredmedia":[{"embeddable":true,"href":"https:\/\/konpetsar.com\/en\/wp-json\/wp\/v2\/media\/305"}],"wp:attachment":[{"href":"https:\/\/konpetsar.com\/en\/wp-json\/wp\/v2\/media?parent=309"}],"wp:term":[{"taxonomy":"product_cat","embeddable":true,"href":"https:\/\/konpetsar.com\/en\/wp-json\/wp\/v2\/product_cat?post=309"},{"taxonomy":"product_tag","embeddable":true,"href":"https:\/\/konpetsar.com\/en\/wp-json\/wp\/v2\/product_tag?post=309"}],"curies":[{"name":"wp","href":"https:\/\/api.w.org\/{rel}","templated":true}]}}