{"id":308,"date":"2023-07-29T10:33:14","date_gmt":"2023-07-29T10:33:14","guid":{"rendered":"http:\/\/konpetsar.com\/?post_type=product&#038;p=308"},"modified":"2023-07-29T15:41:46","modified_gmt":"2023-07-29T15:41:46","slug":"kislik-oto-cam-suyu","status":"publish","type":"product","link":"https:\/\/konpetsar.com\/en\/product\/kislik-oto-cam-suyu\/","title":{"rendered":"Antifreeze Glass Water"},"content":{"rendered":"<p><img data-dominant-color=\"b2dcae\" data-has-transparency=\"false\" style=\"--dominant-color: #b2dcae;\" loading=\"lazy\" decoding=\"async\" class=\"not-transparent alignnone size-full wp-image-287\" src=\"http:\/\/konpetsar.com\/wp-content\/uploads\/2023\/07\/cam-suyu-icon-jpg.webp\" alt=\"\" width=\"268\" height=\"85\" \/><\/p>\n<p>It prevents water in the washing thank getting frozen. It also melts the ice on the front glass of your car. It keeps vision clear.<\/p>\n<p>Usage: Add it to the windshield washer fluid reservoir.<\/p>\n<p>&nbsp;<\/p>","protected":false},"excerpt":{"rendered":"<p>Antifirizli cam suyu k\u0131\u015f\u0131n otonuzun cam suyu haznesindeki suyun donmas\u0131n\u0131 engeller ve \u00f6n camda olu\u015fan buzlar\u0131 \u00e7\u00f6zerek g\u00fcvenli bir s\u00fcr\u00fc\u015f sa\u011flar. KULLANIMI: Camsuyu su deposuna ilave edilir. &nbsp;<\/p>","protected":false},"featured_media":294,"comment_status":"closed","ping_status":"closed","template":"","meta":{"_et_pb_use_builder":"off","_et_pb_old_content":"H&M LUBRICANTS TORP\u0130DO PARLATICI, g\u00fcvenle kullanabilece\u011finiz etkileyici ve koruyucu bir bak\u0131m s\u00fct\u00fcd\u00fcr. \u00d6zel form\u00fclasyonu sayesinde toz ve kirlenmeyi engeller. Ara\u00e7 lastiklerinde besleyici bir parlakl\u0131k sa\u011flar ve korur.","_et_gb_content_width":""},"product_cat":[17],"product_tag":[],"class_list":{"0":"post-308","1":"product","2":"type-product","3":"status-publish","4":"has-post-thumbnail","6":"product_cat-oto-bakim-urunleri","8":"first","9":"instock","10":"shipping-taxable","11":"product-type-simple"},"_links":{"self":[{"href":"https:\/\/konpetsar.com\/en\/wp-json\/wp\/v2\/product\/308","targetHints":{"allow":["GET"]}}],"collection":[{"href":"https:\/\/konpetsar.com\/en\/wp-json\/wp\/v2\/product"}],"about":[{"href":"https:\/\/konpetsar.com\/en\/wp-json\/wp\/v2\/types\/product"}],"replies":[{"embeddable":true,"href":"https:\/\/konpetsar.com\/en\/wp-json\/wp\/v2\/comments?post=308"}],"wp:featuredmedia":[{"embeddable":true,"href":"https:\/\/konpetsar.com\/en\/wp-json\/wp\/v2\/media\/294"}],"wp:attachment":[{"href":"https:\/\/konpetsar.com\/en\/wp-json\/wp\/v2\/media?parent=308"}],"wp:term":[{"taxonomy":"product_cat","embeddable":true,"href":"https:\/\/konpetsar.com\/en\/wp-json\/wp\/v2\/product_cat?post=308"},{"taxonomy":"product_tag","embeddable":true,"href":"https:\/\/konpetsar.com\/en\/wp-json\/wp\/v2\/product_tag?post=308"}],"curies":[{"name":"wp","href":"https:\/\/api.w.org\/{rel}","templated":true}]}}