{"id":280,"date":"2023-07-29T09:12:23","date_gmt":"2023-07-29T09:12:23","guid":{"rendered":"http:\/\/konpetsar.com\/?post_type=product&#038;p=280"},"modified":"2023-07-29T09:14:19","modified_gmt":"2023-07-29T09:14:19","slug":"motor-temizleyici","status":"publish","type":"product","link":"https:\/\/konpetsar.com\/en\/product\/motor-temizleyici\/","title":{"rendered":"Engine Cleaner"},"content":{"rendered":"<p>H&amp;M LUBR\u0130CANTS MOTOR TEM\u0130ZLEY\u0130C\u0130, binek ara\u00e7lar, motosikletler, kamyonlar ve di\u011fer ara\u00e7 t\u00fcrleri i\u00e7in tasarlanm\u0131\u015f etkili bir spreydir. Bu sprey, t\u00fcm motor tiplerindeki yo\u011fun kir ve ya\u011flar\u0131 etkili bir \u015fekilde temizler. Motorun herhangi bir par\u00e7as\u0131na zarar vermeden, t\u00fcm motor par\u00e7alar\u0131na uygulanabilir.<\/p>\n<p><strong>Instructions for Use:<\/strong> Instructions for Use: Depending on the level of dirtiness, apply the spray accordingly. After waiting for 5 minutes, rinse with pressurized water.<\/p>","protected":false},"excerpt":{"rendered":"<p>H&amp;M LUBR\u0130CANTS MOTOR TEM\u0130ZLEY\u0130C\u0130, binek ara\u00e7lar, motosikletler, kamyonlar ve di\u011fer ara\u00e7 t\u00fcrleri i\u00e7in tasarlanm\u0131\u015f etkili bir spreydir. Bu sprey, t\u00fcm motor tiplerindeki yo\u011fun kir ve ya\u011flar\u0131 etkili bir \u015fekilde temizler. Motorun herhangi bir par\u00e7as\u0131na zarar vermeden, t\u00fcm motor par\u00e7alar\u0131na uygulanabilir. Kullanma Talimat\u0131: Kirlilik durumuna g\u00f6re p\u00fcsk\u00fcrtme uygulay\u0131n\u0131z. 5 Dk. bekledikten sonra bas\u0131n\u00e7l\u0131 su ile y\u0131kay\u0131n\u0131z.<\/p>","protected":false},"featured_media":281,"comment_status":"closed","ping_status":"closed","template":"","meta":{"_et_pb_use_builder":"off","_et_pb_old_content":"H&M LUBRICANTS TORP\u0130DO PARLATICI, g\u00fcvenle kullanabilece\u011finiz etkileyici ve koruyucu bir bak\u0131m s\u00fct\u00fcd\u00fcr. \u00d6zel form\u00fclasyonu sayesinde toz ve kirlenmeyi engeller. Ara\u00e7 lastiklerinde besleyici bir parlakl\u0131k sa\u011flar ve korur.","_et_gb_content_width":""},"product_cat":[17],"product_tag":[],"class_list":{"0":"post-280","1":"product","2":"type-product","3":"status-publish","4":"has-post-thumbnail","6":"product_cat-oto-bakim-urunleri","8":"first","9":"instock","10":"shipping-taxable","11":"product-type-simple"},"_links":{"self":[{"href":"https:\/\/konpetsar.com\/en\/wp-json\/wp\/v2\/product\/280","targetHints":{"allow":["GET"]}}],"collection":[{"href":"https:\/\/konpetsar.com\/en\/wp-json\/wp\/v2\/product"}],"about":[{"href":"https:\/\/konpetsar.com\/en\/wp-json\/wp\/v2\/types\/product"}],"replies":[{"embeddable":true,"href":"https:\/\/konpetsar.com\/en\/wp-json\/wp\/v2\/comments?post=280"}],"wp:featuredmedia":[{"embeddable":true,"href":"https:\/\/konpetsar.com\/en\/wp-json\/wp\/v2\/media\/281"}],"wp:attachment":[{"href":"https:\/\/konpetsar.com\/en\/wp-json\/wp\/v2\/media?parent=280"}],"wp:term":[{"taxonomy":"product_cat","embeddable":true,"href":"https:\/\/konpetsar.com\/en\/wp-json\/wp\/v2\/product_cat?post=280"},{"taxonomy":"product_tag","embeddable":true,"href":"https:\/\/konpetsar.com\/en\/wp-json\/wp\/v2\/product_tag?post=280"}],"curies":[{"name":"wp","href":"https:\/\/api.w.org\/{rel}","templated":true}]}}