{"id":275,"date":"2023-07-29T09:02:19","date_gmt":"2023-07-29T09:02:19","guid":{"rendered":"http:\/\/konpetsar.com\/?post_type=product&#038;p=275"},"modified":"2023-07-29T09:05:57","modified_gmt":"2023-07-29T09:05:57","slug":"hizli-cila","status":"publish","type":"product","link":"https:\/\/konpetsar.com\/en\/product\/hizli-cila\/","title":{"rendered":"Quick Polish"},"content":{"rendered":"<p>H&amp;M LUBRICANTS, DASHBOARD POLISHER is a remarkable and protective care milk that you can safely use on your vehicles. With its special formulation, it prevents dust and dirt buildup. It provides nourishing shine and protection on vehicle dashboards.<\/p>\n<p class=\" translation-block\">Instructions for Use: Before applying the car wax, make sure your vehicle is free from dirt, stains, and mud. Wash and rinse your car thoroughly. Shake the product well before use. Spray it onto the desired area and spread it evenly using a damp cloth. Then, gently wipe the surface with a soft cloth. For windows, wipe off after application.<\/p>","protected":false},"excerpt":{"rendered":"<p>Arac\u0131n\u0131z\u0131n ilk g\u00fcnk\u00fc parlakl\u0131\u011f\u0131n\u0131 geri kazand\u0131ran \u00f6zel bir \u00fcr\u00fcnd\u00fcr. \u0130lk kullan\u0131mdan itibaren, daha az kir tutma \u00f6zelli\u011fiyle birlikte daha parlak bir g\u00f6r\u00fcn\u00fcm sunar. H\u0131zl\u0131 ve etkili bir \u015fekilde arac\u0131n\u0131z\u0131n y\u00fczeyindeki hafif kusurlar\u0131 giderir, derinlemesine temizlik sa\u011flar ve uzun s\u00fcre kal\u0131c\u0131 bir parlakl\u0131k sa\u011flar. Kullanma Talimat\u0131: Kullanmadan am\u0131n\u0131z\u0131n cila yapmaya haz\u0131r olmas\u0131 i\u00e7in kir, leke ve [&hellip;]<\/p>","protected":false},"featured_media":276,"comment_status":"closed","ping_status":"closed","template":"","meta":{"_et_pb_use_builder":"off","_et_pb_old_content":"H&M LUBRICANTS TORP\u0130DO PARLATICI, g\u00fcvenle kullanabilece\u011finiz etkileyici ve koruyucu bir bak\u0131m s\u00fct\u00fcd\u00fcr. \u00d6zel form\u00fclasyonu sayesinde toz ve kirlenmeyi engeller. Ara\u00e7 lastiklerinde besleyici bir parlakl\u0131k sa\u011flar ve korur.","_et_gb_content_width":""},"product_cat":[17],"product_tag":[],"class_list":{"0":"post-275","1":"product","2":"type-product","3":"status-publish","4":"has-post-thumbnail","6":"product_cat-oto-bakim-urunleri","8":"first","9":"instock","10":"shipping-taxable","11":"product-type-simple"},"_links":{"self":[{"href":"https:\/\/konpetsar.com\/en\/wp-json\/wp\/v2\/product\/275","targetHints":{"allow":["GET"]}}],"collection":[{"href":"https:\/\/konpetsar.com\/en\/wp-json\/wp\/v2\/product"}],"about":[{"href":"https:\/\/konpetsar.com\/en\/wp-json\/wp\/v2\/types\/product"}],"replies":[{"embeddable":true,"href":"https:\/\/konpetsar.com\/en\/wp-json\/wp\/v2\/comments?post=275"}],"wp:featuredmedia":[{"embeddable":true,"href":"https:\/\/konpetsar.com\/en\/wp-json\/wp\/v2\/media\/276"}],"wp:attachment":[{"href":"https:\/\/konpetsar.com\/en\/wp-json\/wp\/v2\/media?parent=275"}],"wp:term":[{"taxonomy":"product_cat","embeddable":true,"href":"https:\/\/konpetsar.com\/en\/wp-json\/wp\/v2\/product_cat?post=275"},{"taxonomy":"product_tag","embeddable":true,"href":"https:\/\/konpetsar.com\/en\/wp-json\/wp\/v2\/product_tag?post=275"}],"curies":[{"name":"wp","href":"https:\/\/api.w.org\/{rel}","templated":true}]}}