{"id":270,"date":"2023-07-29T08:42:36","date_gmt":"2023-07-29T08:42:36","guid":{"rendered":"http:\/\/konpetsar.com\/?post_type=product&#038;p=270"},"modified":"2023-07-29T08:56:09","modified_gmt":"2023-07-29T08:56:09","slug":"arac-ici-detay-temizlik","status":"publish","type":"product","link":"https:\/\/konpetsar.com\/en\/product\/arac-ici-detay-temizlik\/","title":{"rendered":"Car InterIor Detail Cleaning"},"content":{"rendered":"<p>Detailed cleaning of the vehicle\u2019s interior components. It is suitable for all types of plastic parts, as well as seat and upholstery cleaning. With its special formula, it effectively removes stains and dirt, rejuvenates surfaces, and restores their original shine. It leaves every detail inside the car clean, fresh, and renewed.<\/p>\n<p><strong>Instructions for Use:<\/strong> Instructions for Use: Apply the spray based on the level of dirtiness. Then, rub and wipe with a cloth.<\/p>","protected":false},"excerpt":{"rendered":"<p>Arac\u0131n\u0131z\u0131n i\u00e7 aksamlar\u0131n\u0131 derinlemesine temizlemek i\u00e7in idealdir. Plastik aksamlar\u0131n yan\u0131 s\u0131ra koltuk ve d\u00f6\u015feme temizli\u011fi i\u00e7in de uygundur. \u00d6zel form\u00fcl\u00fcyle lekeleri ve kirleri etkili bir \u015fekilde temizler, y\u00fczeyleri yeniler ve orijinal parlakl\u0131\u011f\u0131n\u0131 geri kazand\u0131r\u0131r. Ara\u00e7 i\u00e7indeki her detay\u0131 temiz, taze ve yenilenmi\u015f bir g\u00f6r\u00fcn\u00fcmle b\u0131rak\u0131r. Kullanma Talimat\u0131: Kirlilik durumuna g\u00f6re p\u00fcsk\u00fcrtme uygulay\u0131n\u0131z. Daha sonra bez [&hellip;]<\/p>","protected":false},"featured_media":271,"comment_status":"closed","ping_status":"closed","template":"","meta":{"_et_pb_use_builder":"off","_et_pb_old_content":"H&M LUBRICANTS TORP\u0130DO PARLATICI, g\u00fcvenle kullanabilece\u011finiz etkileyici ve koruyucu bir bak\u0131m s\u00fct\u00fcd\u00fcr. \u00d6zel form\u00fclasyonu sayesinde toz ve kirlenmeyi engeller. Ara\u00e7 lastiklerinde besleyici bir parlakl\u0131k sa\u011flar ve korur.","_et_gb_content_width":""},"product_cat":[17],"product_tag":[],"class_list":{"0":"post-270","1":"product","2":"type-product","3":"status-publish","4":"has-post-thumbnail","6":"product_cat-oto-bakim-urunleri","8":"first","9":"instock","10":"shipping-taxable","11":"product-type-simple"},"_links":{"self":[{"href":"https:\/\/konpetsar.com\/en\/wp-json\/wp\/v2\/product\/270","targetHints":{"allow":["GET"]}}],"collection":[{"href":"https:\/\/konpetsar.com\/en\/wp-json\/wp\/v2\/product"}],"about":[{"href":"https:\/\/konpetsar.com\/en\/wp-json\/wp\/v2\/types\/product"}],"replies":[{"embeddable":true,"href":"https:\/\/konpetsar.com\/en\/wp-json\/wp\/v2\/comments?post=270"}],"wp:featuredmedia":[{"embeddable":true,"href":"https:\/\/konpetsar.com\/en\/wp-json\/wp\/v2\/media\/271"}],"wp:attachment":[{"href":"https:\/\/konpetsar.com\/en\/wp-json\/wp\/v2\/media?parent=270"}],"wp:term":[{"taxonomy":"product_cat","embeddable":true,"href":"https:\/\/konpetsar.com\/en\/wp-json\/wp\/v2\/product_cat?post=270"},{"taxonomy":"product_tag","embeddable":true,"href":"https:\/\/konpetsar.com\/en\/wp-json\/wp\/v2\/product_tag?post=270"}],"curies":[{"name":"wp","href":"https:\/\/api.w.org\/{rel}","templated":true}]}}