{"id":265,"date":"2023-07-29T08:37:50","date_gmt":"2023-07-29T08:37:50","guid":{"rendered":"http:\/\/konpetsar.com\/?post_type=product&#038;p=265"},"modified":"2023-07-29T08:41:50","modified_gmt":"2023-07-29T08:41:50","slug":"torpido-parlatici","status":"publish","type":"product","link":"https:\/\/konpetsar.com\/en\/product\/torpido-parlatici\/","title":{"rendered":"Glovebox Polisher"},"content":{"rendered":"<p>H&amp;M LUBRICANTS TORP\u0130DO PARLATICI, g\u00fcvenle kullanabilece\u011finiz etkileyici ve koruyucu bir bak\u0131m s\u00fct\u00fcd\u00fcr. \u00d6zel form\u00fclasyonu sayesinde toz ve kirlenmeyi engeller. Ara\u00e7 konsollar\u0131nda besleyici bir parlakl\u0131k sa\u011flar ve korur.<\/p>\n<p class=\" translation-block\"><strong>Instructions for Use: <\/strong>Clean the surface from dust and dirt. Spray onto the surface and wipe with a clean cloth or sponge.<\/p>","protected":false},"excerpt":{"rendered":"<p>H&amp;M LUBRICANTS TORP\u0130DO PARLATICI, g\u00fcvenle kullanabilece\u011finiz etkileyici ve koruyucu bir bak\u0131m s\u00fct\u00fcd\u00fcr. \u00d6zel form\u00fclasyonu sayesinde toz ve kirlenmeyi engeller. Ara\u00e7 konsollar\u0131nda besleyici bir parlakl\u0131k sa\u011flar ve korur. Kullanma Talimat\u0131; Uygulanacak y\u00fczeyi toz ve kirden ar\u0131nd\u0131r\u0131n\u0131z, Y\u00fczeye p\u00fcsk\u00fcrt\u00fcn\u00fcz, temiz bir bez veya s\u00fcnger yard\u0131m\u0131 ile siliniz.<\/p>","protected":false},"featured_media":269,"comment_status":"closed","ping_status":"closed","template":"","meta":{"_et_pb_use_builder":"off","_et_pb_old_content":"H&M LUBRICANTS TORP\u0130DO PARLATICI, g\u00fcvenle kullanabilece\u011finiz etkileyici ve koruyucu bir bak\u0131m s\u00fct\u00fcd\u00fcr. \u00d6zel form\u00fclasyonu sayesinde toz ve kirlenmeyi engeller. Ara\u00e7 lastiklerinde besleyici bir parlakl\u0131k sa\u011flar ve korur.","_et_gb_content_width":""},"product_cat":[17],"product_tag":[],"class_list":{"0":"post-265","1":"product","2":"type-product","3":"status-publish","4":"has-post-thumbnail","6":"product_cat-oto-bakim-urunleri","8":"first","9":"instock","10":"shipping-taxable","11":"product-type-simple"},"_links":{"self":[{"href":"https:\/\/konpetsar.com\/en\/wp-json\/wp\/v2\/product\/265","targetHints":{"allow":["GET"]}}],"collection":[{"href":"https:\/\/konpetsar.com\/en\/wp-json\/wp\/v2\/product"}],"about":[{"href":"https:\/\/konpetsar.com\/en\/wp-json\/wp\/v2\/types\/product"}],"replies":[{"embeddable":true,"href":"https:\/\/konpetsar.com\/en\/wp-json\/wp\/v2\/comments?post=265"}],"wp:featuredmedia":[{"embeddable":true,"href":"https:\/\/konpetsar.com\/en\/wp-json\/wp\/v2\/media\/269"}],"wp:attachment":[{"href":"https:\/\/konpetsar.com\/en\/wp-json\/wp\/v2\/media?parent=265"}],"wp:term":[{"taxonomy":"product_cat","embeddable":true,"href":"https:\/\/konpetsar.com\/en\/wp-json\/wp\/v2\/product_cat?post=265"},{"taxonomy":"product_tag","embeddable":true,"href":"https:\/\/konpetsar.com\/en\/wp-json\/wp\/v2\/product_tag?post=265"}],"curies":[{"name":"wp","href":"https:\/\/api.w.org\/{rel}","templated":true}]}}