{"id":260,"date":"2023-07-29T07:37:50","date_gmt":"2023-07-29T07:37:50","guid":{"rendered":"http:\/\/konpetsar.com\/?post_type=product&#038;p=260"},"modified":"2023-07-29T08:36:44","modified_gmt":"2023-07-29T08:36:44","slug":"jant-temizleyici","status":"publish","type":"product","link":"https:\/\/konpetsar.com\/en\/product\/jant-temizleyici\/","title":{"rendered":"Rim Cleaner"},"content":{"rendered":"<p>H&amp;M LUBR\u0130CANTS WHEEL CLEANER is a specialized wheel cleaner designed for all types of wheels and wheel covers. It effectively removes dirt, brake dust, and grime without leaving any residue or causing damage to the material. With its advanced formula, it ensures a thorough and safe cleaning, leaving your wheels looking flawless and shiny<\/p>\n<p>Instructions for Use: Spray an adequate amount onto the rims, wait for 15 seconds, then rinse the surface with water.<\/p>","protected":false},"excerpt":{"rendered":"<p>Jant ve jant kapaklar\u0131 i\u00e7in \u00f6zel olarak tasarlanm\u0131\u015f bir jant temizleyicidir. Malzemeye zarar vermeden ve iz b\u0131rakmadan, etkili bir \u015fekilde kir, fren tozu ve pisli\u011fi temizler. Geli\u015fmi\u015f form\u00fcl\u00fc sayesinde jantlar\u0131n\u0131z\u0131 kusursuz ve parlak bir g\u00f6r\u00fcn\u00fcme kavu\u015fturur. Kullanma Talimat\u0131; Jantlar\u0131n \u00fczerine yeterli miktarda p\u00fcsk\u00fcr\u00fcl\u00fcn\u00fcz 15 saniye bekledikten sonra y\u00fczeyi su ile y\u0131kay\u0131n\u0131z.<\/p>","protected":false},"featured_media":261,"comment_status":"closed","ping_status":"closed","template":"","meta":{"_et_pb_use_builder":"off","_et_pb_old_content":"H&M LUBRICANTS TORP\u0130DO PARLATICI, g\u00fcvenle kullanabilece\u011finiz etkileyici ve koruyucu bir bak\u0131m s\u00fct\u00fcd\u00fcr. \u00d6zel form\u00fclasyonu sayesinde toz ve kirlenmeyi engeller. Ara\u00e7 lastiklerinde besleyici bir parlakl\u0131k sa\u011flar ve korur.","_et_gb_content_width":""},"product_cat":[17],"product_tag":[],"class_list":{"0":"post-260","1":"product","2":"type-product","3":"status-publish","4":"has-post-thumbnail","6":"product_cat-oto-bakim-urunleri","8":"first","9":"instock","10":"shipping-taxable","11":"product-type-simple"},"_links":{"self":[{"href":"https:\/\/konpetsar.com\/en\/wp-json\/wp\/v2\/product\/260","targetHints":{"allow":["GET"]}}],"collection":[{"href":"https:\/\/konpetsar.com\/en\/wp-json\/wp\/v2\/product"}],"about":[{"href":"https:\/\/konpetsar.com\/en\/wp-json\/wp\/v2\/types\/product"}],"replies":[{"embeddable":true,"href":"https:\/\/konpetsar.com\/en\/wp-json\/wp\/v2\/comments?post=260"}],"wp:featuredmedia":[{"embeddable":true,"href":"https:\/\/konpetsar.com\/en\/wp-json\/wp\/v2\/media\/261"}],"wp:attachment":[{"href":"https:\/\/konpetsar.com\/en\/wp-json\/wp\/v2\/media?parent=260"}],"wp:term":[{"taxonomy":"product_cat","embeddable":true,"href":"https:\/\/konpetsar.com\/en\/wp-json\/wp\/v2\/product_cat?post=260"},{"taxonomy":"product_tag","embeddable":true,"href":"https:\/\/konpetsar.com\/en\/wp-json\/wp\/v2\/product_tag?post=260"}],"curies":[{"name":"wp","href":"https:\/\/api.w.org\/{rel}","templated":true}]}}