{"id":31,"date":"2023-07-27T08:10:19","date_gmt":"2023-07-27T08:10:19","guid":{"rendered":"http:\/\/konpetsar.com\/?page_id=31"},"modified":"2025-01-03T12:31:54","modified_gmt":"2025-01-03T12:31:54","slug":"ana-sayfa","status":"publish","type":"page","link":"https:\/\/konpetsar.com\/en\/","title":{"rendered":"Ana Sayfa"},"content":{"rendered":"<p>[et_pb_section fb_built=&#8221;1&#8243; admin_label=&#8221;section&#8221; _builder_version=&#8221;4.21.0&#8243; custom_margin=&#8221;0px||0px||false|false&#8221; custom_padding=&#8221;0px||0px||false|false&#8221; global_colors_info=&#8221;{}&#8221;][et_pb_row admin_label=&#8221;row&#8221; _builder_version=&#8221;4.21.0&#8243; background_size=&#8221;initial&#8221; background_position=&#8221;top_left&#8221; background_repeat=&#8221;repeat&#8221; custom_margin=&#8221;0px||0px||false|false&#8221; custom_padding=&#8221;0px||0px||false|false&#8221; global_colors_info=&#8221;{}&#8221;][et_pb_column type=&#8221;4_4&#8243; _builder_version=&#8221;4.16&#8243; custom_padding=&#8221;|||&#8221; global_colors_info=&#8221;{}&#8221; custom_padding__hover=&#8221;|||&#8221;][et_pb_nextend_smart_slider_3 slider=&#8221;2&#8243; _builder_version=&#8221;4.21.0&#8243; _module_preset=&#8221;default&#8221; global_colors_info=&#8221;{}&#8221;][\/et_pb_nextend_smart_slider_3][\/et_pb_column][\/et_pb_row][\/et_pb_section][et_pb_section fb_built=&#8221;1&#8243; _builder_version=&#8221;4.21.0&#8243; _module_preset=&#8221;default&#8221; use_background_color_gradient=&#8221;on&#8221; background_color_gradient_type=&#8221;circular&#8221; background_color_gradient_direction_radial=&#8221;top&#8221; background_color_gradient_stops=&#8221;#2b87da 0ex|#0a0e49 100ex&#8221; background_color_gradient_unit=&#8221;ex&#8221; custom_padding=&#8221;0px||||false|false&#8221; global_colors_info=&#8221;{}&#8221;][et_pb_row _builder_version=&#8221;4.21.0&#8243; _module_preset=&#8221;default&#8221; background_enable_color=&#8221;off&#8221; global_colors_info=&#8221;{}&#8221;][et_pb_column type=&#8221;4_4&#8243; _builder_version=&#8221;4.21.0&#8243; _module_preset=&#8221;default&#8221; global_colors_info=&#8221;{}&#8221;][et_pb_image src=&#8221;http:\/\/konpetsar.com\/wp-content\/uploads\/2023\/07\/HM-logo-slide-bottom.png&#8221; title_text=&#8221;HM-logo-slide-bottom&#8221; align=&#8221;center&#8221; _builder_version=&#8221;4.21.0&#8243; _module_preset=&#8221;default&#8221; custom_margin=&#8221;-102px||||false|false&#8221; custom_margin_tablet=&#8221;-102px||||false|false&#8221; custom_margin_phone=&#8221;-43px||-9px||false|false&#8221; custom_margin_last_edited=&#8221;on|phone&#8221; animation_style=&#8221;slide&#8221; animation_direction=&#8221;bottom&#8221; animation_intensity_slide=&#8221;24%&#8221; global_colors_info=&#8221;{}&#8221;][\/et_pb_image][et_pb_image src=&#8221;http:\/\/konpetsar.com\/wp-content\/uploads\/2023\/07\/slogan.png&#8221; title_text=&#8221;slogan&#8221; align=&#8221;center&#8221; _builder_version=&#8221;4.21.0&#8243; _module_preset=&#8221;default&#8221; animation_style=&#8221;flip&#8221; global_colors_info=&#8221;{}&#8221;][\/et_pb_image][et_pb_text _builder_version=&#8221;4.21.0&#8243; _module_preset=&#8221;default&#8221; text_text_color=&#8221;#FFFFFF&#8221; text_font_size=&#8221;16px&#8221; animation_style=&#8221;fade&#8221; global_colors_info=&#8221;{}&#8221;]<\/p>\n<p style=\"text-align: center;\">Founded as Konpetsar Company in 2015, our journey began with an experienced team at the helm.\n\nWith our dynamic and expert team, we set out with the vision of delivering the best quality to our customers. To expand into international markets and present a more innovative identity, we established the H&amp;M LUBR\u0130CANTS brand.\n\nOur products are meticulously manufactured using carefully selected materials and state-of-the-art production facilities. By maintaining our quality standards, we earn the trust of our customers. Each of our products stands out with its performance and effective results, as well as user-friendliness and durability.<\/p>\n<p>[\/et_pb_text][et_pb_button button_url=&#8221;http:\/\/konpetsar.com\/kurumsal\/&#8221; button_text=&#8221;KURUMSAL&#8221; button_alignment=&#8221;center&#8221; admin_label=&#8221;D\u00fc\u011fme&#8221; _builder_version=&#8221;4.21.0&#8243; _module_preset=&#8221;default&#8221; custom_button=&#8221;on&#8221; button_text_color=&#8221;#FFFFFF&#8221; button_bg_color=&#8221;#c6c6c6&#8243; button_border_width=&#8221;0px&#8221; button_border_radius=&#8221;0px&#8221; button_letter_spacing=&#8221;5px&#8221; animation_style=&#8221;fade&#8221; box_shadow_style=&#8221;preset3&#8243; box_shadow_color=&#8221;rgba(0,0,0,0.66)&#8221; global_colors_info=&#8221;{}&#8221;][\/et_pb_button][\/et_pb_column][\/et_pb_row][\/et_pb_section][et_pb_section fb_built=&#8221;1&#8243; _builder_version=&#8221;4.21.0&#8243; _module_preset=&#8221;default&#8221; global_colors_info=&#8221;{}&#8221;][et_pb_row _builder_version=&#8221;4.21.0&#8243; _module_preset=&#8221;default&#8221; global_colors_info=&#8221;{}&#8221;][et_pb_column type=&#8221;4_4&#8243; _builder_version=&#8221;4.21.0&#8243; _module_preset=&#8221;default&#8221; global_colors_info=&#8221;{}&#8221;][difl_contentcarousel item_desktop=&#8221;5&#8243; item_mobile=&#8221;2&#8243; item_spacing=&#8221;18px&#8221; arrow=&#8221;on&#8221; equal_height=&#8221;on&#8221; df_title_bg_bgcolor=&#8221;RGBA(255,255,255,0)&#8221; df_subtitle_bg_bgcolor=&#8221;#000000&#8243; df_content_bg_bgcolor=&#8221;#000000&#8243; arrow_color=&#8221;#FFFFFF&#8221; arrow_background=&#8221;RGBA(255,255,255,0)&#8221; arrow_prev_icon_use_icon=&#8221;off&#8221; df_button_bg_bgcolor=&#8221;#FFFFFF&#8221; df_button_bg_use_gradient=&#8221;on&#8221; df_button_bg_color_gradient_1=&#8221;#E09900&#8243; df_button_bg_color_gradient_2=&#8221;#a36f00&#8243; df_button_bg_gradient_type=&#8221;radial&#8221; df_button_bg_above_image=&#8221;off&#8221; item_wrapper_margin=&#8221;||||false|true&#8221; item_wrapper_padding=&#8221;||||false|false&#8221; image_wrapper_margin=&#8221;||20px||false|true&#8221; title_padding=&#8221;|14px||14px|false|true&#8221; admin_label=&#8221;Content Carousel&#8221; _builder_version=&#8221;4.21.0&#8243; _module_preset=&#8221;default&#8221; cc_content_text_color=&#8221;#000000&#8243; button_font=&#8221;|600|||||||&#8221; animation_style=&#8221;fold&#8221; animation_direction=&#8221;top&#8221; hover_enabled=&#8221;0&#8243; border_width_all_button=&#8221;1px&#8221; border_color_all_button=&#8221;#E09900&#8243; box_shadow_style_button=&#8221;preset3&#8243; box_shadow_color_button=&#8221;rgba(0,0,0,0.69)&#8221; global_colors_info=&#8221;{}&#8221; sticky_enabled=&#8221;0&#8243;][difl_contentcarouselitem title=&#8221;OTO BAKIM \u00dcR\u00dcNLER\u0130&#8221; df_cci_image=&#8221;http:\/\/konpetsar.com\/wp-content\/uploads\/2023\/07\/Bakim-jpg.webp&#8221; df_cci_use_icon=&#8221;off&#8221; cc_button_button_text=&#8221;KE\u015eFET&#8221; cc_button_button_url=&#8221;http:\/\/konpetsar.com\/urun-kategori\/urunler\/oto-bakim-urunleri\/&#8221; cc_button_button_url_new_window=&#8221;1&#8243; cc_button_button_align=&#8221;center&#8221; _builder_version=&#8221;4.21.0&#8243; _module_preset=&#8221;default&#8221; background_color=&#8221;#D6D6D6&#8243; background_enable_color=&#8221;on&#8221; link_option_url=&#8221;http:\/\/konpetsar.com\/urun-kategori\/urunler\/oto-bakim-urunleri\/&#8221; hover_enabled=&#8221;0&#8243; global_colors_info=&#8221;{}&#8221; df_cci_image_align=&#8221;center&#8221; sticky_enabled=&#8221;0&#8243;][\/difl_contentcarouselitem][difl_contentcarouselitem title=&#8221;OTO YIKAMA \u00dcR\u00dcNLER\u0130&#8221; df_cci_image=&#8221;http:\/\/konpetsar.com\/wp-content\/uploads\/2023\/07\/Yikama-jpg.webp&#8221; df_cci_use_icon=&#8221;off&#8221; cc_button_button_text=&#8221;KE\u015eFET&#8221; cc_button_button_url=&#8221;http:\/\/konpetsar.com\/urun-kategori\/urunler\/oto-yikama-urunleri\/&#8221; cc_button_button_url_new_window=&#8221;1&#8243; _builder_version=&#8221;4.21.0&#8243; _module_preset=&#8221;default&#8221; background_color=&#8221;#D6D6D6&#8243; background_enable_color=&#8221;on&#8221; link_option_url=&#8221;http:\/\/konpetsar.com\/urun-kategori\/urunler\/oto-yikama-urunleri\/&#8221; hover_enabled=&#8221;0&#8243; global_colors_info=&#8221;{}&#8221; df_cci_image_align=&#8221;center&#8221; sticky_enabled=&#8221;0&#8243;][\/difl_contentcarouselitem][difl_contentcarouselitem title=&#8221;ANT\u0130F\u0130R\u0130Z&#8221; df_cci_image=&#8221;http:\/\/konpetsar.com\/wp-content\/uploads\/2023\/07\/Anti-jpg.webp&#8221; df_cci_use_icon=&#8221;off&#8221; cc_button_button_text=&#8221;KE\u015eFET&#8221; cc_button_button_url=&#8221;http:\/\/konpetsar.com\/urun-kategori\/urunler\/antifiriz\/&#8221; cc_button_button_url_new_window=&#8221;1&#8243; _builder_version=&#8221;4.21.0&#8243; _module_preset=&#8221;default&#8221; background_color=&#8221;#D6D6D6&#8243; background_enable_color=&#8221;on&#8221; link_option_url=&#8221;http:\/\/konpetsar.com\/urun-kategori\/urunler\/antifiriz\/&#8221; hover_enabled=&#8221;0&#8243; global_colors_info=&#8221;{}&#8221; df_cci_image_align=&#8221;center&#8221; sticky_enabled=&#8221;0&#8243;][\/difl_contentcarouselitem][difl_contentcarouselitem title=&#8221;ORTAM KOKULARI &#8221; df_cci_image=&#8221;http:\/\/konpetsar.com\/wp-content\/uploads\/2023\/07\/Koku-jpg.webp&#8221; df_cci_use_icon=&#8221;off&#8221; cc_button_button_text=&#8221;KE\u015eFET&#8221; cc_button_button_url=&#8221;http:\/\/konpetsar.com\/urun-kategori\/urunler\/ortam-kokulari\/&#8221; cc_button_button_url_new_window=&#8221;1&#8243; _builder_version=&#8221;4.21.0&#8243; _module_preset=&#8221;default&#8221; background_color=&#8221;#D6D6D6&#8243; background_enable_color=&#8221;on&#8221; link_option_url=&#8221;http:\/\/konpetsar.com\/urun-kategori\/urunler\/ortam-kokulari\/&#8221; hover_enabled=&#8221;0&#8243; global_colors_info=&#8221;{}&#8221; df_cci_image_align=&#8221;center&#8221; sticky_enabled=&#8221;0&#8243;][\/difl_contentcarouselitem][difl_contentcarouselitem title=&#8221;TEM\u0130ZL\u0130K \u00dcR\u00dcNLER\u0130&#8221; df_cci_image=&#8221;http:\/\/konpetsar.com\/wp-content\/uploads\/2023\/07\/Layer-1-jpg.webp&#8221; df_cci_use_icon=&#8221;off&#8221; cc_button_button_text=&#8221;KE\u015eFET&#8221; cc_button_button_url=&#8221;http:\/\/konpetsar.com\/urun-kategori\/urunler\/temizlik-urunleri\/&#8221; cc_button_button_url_new_window=&#8221;1&#8243; _builder_version=&#8221;4.21.0&#8243; _module_preset=&#8221;default&#8221; background_color=&#8221;#D6D6D6&#8243; background_enable_color=&#8221;on&#8221; link_option_url=&#8221;http:\/\/konpetsar.com\/urun-kategori\/urunler\/temizlik-urunleri\/&#8221; hover_enabled=&#8221;0&#8243; global_colors_info=&#8221;{}&#8221; df_cci_image_align=&#8221;center&#8221; sticky_enabled=&#8221;0&#8243;][\/difl_contentcarouselitem][\/difl_contentcarousel][difl_contentcarousel item_mobile=&#8221;2&#8243; item_spacing=&#8221;18px&#8221; arrow=&#8221;on&#8221; equal_height=&#8221;on&#8221; df_title_bg_bgcolor=&#8221;RGBA(255,255,255,0)&#8221; df_subtitle_bg_bgcolor=&#8221;#000000&#8243; df_content_bg_bgcolor=&#8221;#000000&#8243; arrow_color=&#8221;#FFFFFF&#8221; arrow_background=&#8221;RGBA(255,255,255,0)&#8221; arrow_prev_icon_use_icon=&#8221;off&#8221; df_button_bg_bgcolor=&#8221;#FFFFFF&#8221; df_button_bg_use_gradient=&#8221;on&#8221; df_button_bg_color_gradient_1=&#8221;#E09900&#8243; df_button_bg_color_gradient_2=&#8221;#a36f00&#8243; df_button_bg_gradient_type=&#8221;radial&#8221; df_button_bg_above_image=&#8221;off&#8221; item_wrapper_margin=&#8221;||||false|true&#8221; item_wrapper_padding=&#8221;||||false|false&#8221; image_wrapper_margin=&#8221;||20px||false|true&#8221; title_padding=&#8221;|14px||14px|false|true&#8221; admin_label=&#8221;Content Carousel&#8221; _builder_version=&#8221;4.21.0&#8243; _module_preset=&#8221;default&#8221; cc_content_text_color=&#8221;#000000&#8243; button_font=&#8221;|600|||||||&#8221; custom_margin=&#8221;-42px|||||&#8221; animation_style=&#8221;fold&#8221; animation_direction=&#8221;top&#8221; border_width_all_button=&#8221;1px&#8221; border_color_all_button=&#8221;#E09900&#8243; box_shadow_style_button=&#8221;preset3&#8243; box_shadow_color_button=&#8221;rgba(0,0,0,0.69)&#8221; global_colors_info=&#8221;{}&#8221;][difl_contentcarouselitem title=&#8221;METAL \u0130\u015eLEM SIVILARI&#8221; df_cci_image=&#8221;https:\/\/konpetsar.com\/wp-content\/uploads\/2024\/10\/sogutma-img.webp&#8221; df_cci_use_icon=&#8221;off&#8221; cc_button_button_text=&#8221;KE\u015eFET&#8221; cc_button_button_url=&#8221;https:\/\/konpetsar.com\/urun-kategori\/urunler\/metal-islem-sivilari\/&#8221; cc_button_button_url_new_window=&#8221;1&#8243; cc_button_button_align=&#8221;center&#8221; _builder_version=&#8221;4.21.0&#8243; _module_preset=&#8221;default&#8221; background_color=&#8221;#D6D6D6&#8243; background_enable_color=&#8221;on&#8221; link_option_url=&#8221;http:\/\/konpetsar.com\/urun-kategori\/urunler\/oto-bakim-urunleri\/&#8221; global_colors_info=&#8221;{}&#8221;][\/difl_contentcarouselitem][difl_contentcarouselitem title=&#8221;END\u00dcSTR\u0130YEL YA\u011eLAR&#8221; df_cci_image=&#8221;https:\/\/konpetsar.com\/wp-content\/uploads\/2024\/10\/end-yaglar.webp&#8221; df_cci_use_icon=&#8221;off&#8221; cc_button_button_text=&#8221;KE\u015eFET&#8221; cc_button_button_url=&#8221;https:\/\/konpetsar.com\/urun-kategori\/urunler\/endustriyel-yaglar\/&#8221; cc_button_button_url_new_window=&#8221;1&#8243; _builder_version=&#8221;4.21.0&#8243; _module_preset=&#8221;default&#8221; background_color=&#8221;#D6D6D6&#8243; background_enable_color=&#8221;on&#8221; link_option_url=&#8221;http:\/\/konpetsar.com\/urun-kategori\/urunler\/oto-yikama-urunleri\/&#8221; global_colors_info=&#8221;{}&#8221;][\/difl_contentcarouselitem][difl_contentcarouselitem title=&#8221;KORUYUCU YA\u011eLAR&#8221; df_cci_image=&#8221;https:\/\/konpetsar.com\/wp-content\/uploads\/2024\/10\/koruyucu-yaglar.webp&#8221; df_cci_use_icon=&#8221;off&#8221; cc_button_button_text=&#8221;KE\u015eFET&#8221; cc_button_button_url=&#8221;https:\/\/konpetsar.com\/urun-kategori\/urunler\/koruyucu-yaglar\/&#8221; cc_button_button_url_new_window=&#8221;1&#8243; _builder_version=&#8221;4.21.0&#8243; _module_preset=&#8221;default&#8221; background_color=&#8221;#D6D6D6&#8243; background_enable_color=&#8221;on&#8221; link_option_url=&#8221;http:\/\/konpetsar.com\/urun-kategori\/urunler\/adblue\/&#8221; global_colors_info=&#8221;{}&#8221;][\/difl_contentcarouselitem][\/difl_contentcarousel][\/et_pb_column][\/et_pb_row][\/et_pb_section][et_pb_section fb_built=&#8221;1&#8243; _builder_version=&#8221;4.21.0&#8243; _module_preset=&#8221;default&#8221; background_image=&#8221;http:\/\/konpetsar.com\/wp-content\/uploads\/2023\/07\/Urun-corosel-bg-jpg.webp&#8221; background_enable_pattern_style=&#8221;on&#8221; background_pattern_style=&#8221;triangles&#8221; background_pattern_color=&#8221;rgba(178,178,178,0.2)&#8221; background_pattern_size=&#8221;custom&#8221; background_pattern_width=&#8221;7px&#8221; custom_padding=&#8221;32px||0px||false|false&#8221; global_colors_info=&#8221;{}&#8221;][et_pb_row _builder_version=&#8221;4.21.0&#8243; _module_preset=&#8221;default&#8221; custom_padding=&#8221;0px||0px||false|false&#8221; global_colors_info=&#8221;{}&#8221;][et_pb_column type=&#8221;4_4&#8243; _builder_version=&#8221;4.21.0&#8243; _module_preset=&#8221;default&#8221; global_colors_info=&#8221;{}&#8221;][et_pb_nextend_smart_slider_3 _builder_version=&#8221;4.21.0&#8243; _module_preset=&#8221;default&#8221; global_colors_info=&#8221;{}&#8221;][\/et_pb_nextend_smart_slider_3][\/et_pb_column][\/et_pb_row][\/et_pb_section][et_pb_section fb_built=&#8221;1&#8243; _builder_version=&#8221;4.21.0&#8243; _module_preset=&#8221;default&#8221; background_color=&#8221;#000000&#8243; background_image=&#8221;http:\/\/konpetsar.com\/wp-content\/uploads\/2023\/07\/parlx-bg-jpg.webp&#8221; parallax=&#8221;on&#8221; parallax_method=&#8221;off&#8221; background_blend=&#8221;multiply&#8221; global_colors_info=&#8221;{}&#8221;][et_pb_row _builder_version=&#8221;4.21.0&#8243; _module_preset=&#8221;default&#8221; global_colors_info=&#8221;{}&#8221;][et_pb_column type=&#8221;4_4&#8243; _builder_version=&#8221;4.21.0&#8243; _module_preset=&#8221;default&#8221; global_colors_info=&#8221;{}&#8221;][et_pb_image src=&#8221;http:\/\/konpetsar.com\/wp-content\/uploads\/2023\/07\/amblem-beyaz.png&#8221; title_text=&#8221;amblem-beyaz&#8221; align=&#8221;center&#8221; _builder_version=&#8221;4.21.0&#8243; _module_preset=&#8221;default&#8221; global_colors_info=&#8221;{}&#8221;][\/et_pb_image][et_pb_text _builder_version=&#8221;4.21.0&#8243; _module_preset=&#8221;default&#8221; header_2_font=&#8221;Archivo Black||||||||&#8221; header_2_text_color=&#8221;#FFFFFF&#8221; header_2_font_size=&#8221;44px&#8221; header_3_font=&#8221;Archivo Black||||||||&#8221; header_3_text_color=&#8221;#FFFFFF&#8221; header_3_font_size=&#8221;36px&#8221; background_enable_image=&#8221;off&#8221; parallax=&#8221;on&#8221; global_colors_info=&#8221;{}&#8221;]<\/p>\n<h3 style=\"text-align: center;\">Regardless of the Roads,<\/h3>\n<h2 style=\"text-align: center;\">Trustworthy Maintenance for Your Vehicles<\/h2>\n<p>[\/et_pb_text][\/et_pb_column][\/et_pb_row][\/et_pb_section][et_pb_section fb_built=&#8221;1&#8243; _builder_version=&#8221;4.21.0&#8243; _module_preset=&#8221;default&#8221; custom_padding=&#8221;0px||||false|false&#8221; global_colors_info=&#8221;{}&#8221;][et_pb_row _builder_version=&#8221;4.21.0&#8243; _module_preset=&#8221;default&#8221; background_image=&#8221;http:\/\/konpetsar.com\/wp-content\/uploads\/2023\/07\/HM-koku-bg.webp&#8221; width=&#8221;100%&#8221; max_width=&#8221;100%&#8221; custom_margin=&#8221;0px||||false|false&#8221; custom_padding=&#8221;65px||||false|false&#8221; custom_css_main_element=&#8221;overflow:hidden;&#8221; global_colors_info=&#8221;{}&#8221;][et_pb_column type=&#8221;4_4&#8243; admin_label=&#8221;Kolon&#8221; _builder_version=&#8221;4.21.0&#8243; _module_preset=&#8221;default&#8221; global_colors_info=&#8221;{}&#8221;][et_pb_image src=&#8221;http:\/\/konpetsar.com\/wp-content\/uploads\/2023\/07\/multi-sprey.webp&#8221; title_text=&#8221;multi-sprey&#8221; align=&#8221;center&#8221; admin_label=&#8221;G\u00f6r\u00fcnt\u00fc&#8221; _builder_version=&#8221;4.21.0&#8243; _module_preset=&#8221;default&#8221; width_tablet=&#8221;&#8221; width_phone=&#8221;150%&#8221; width_last_edited=&#8221;on|phone&#8221; max_height_phone=&#8221;1000px&#8221; max_height_last_edited=&#8221;off|desktop&#8221; custom_margin_tablet=&#8221;&#8221; custom_margin_phone=&#8221;|||-105px|false|false&#8221; custom_margin_last_edited=&#8221;on|phone&#8221; global_colors_info=&#8221;{}&#8221;][\/et_pb_image][et_pb_image src=&#8221;http:\/\/konpetsar.com\/wp-content\/uploads\/2023\/07\/bulut.webp&#8221; title_text=&#8221;bulut&#8221; align=&#8221;center&#8221; align_last_edited=&#8221;off|phone&#8221; _builder_version=&#8221;4.21.0&#8243; _module_preset=&#8221;default&#8221; positioning=&#8221;absolute&#8221; position_origin_a=&#8221;top_right&#8221; horizontal_offset=&#8221;-253px&#8221; z_index=&#8221;10&#8243; width=&#8221;100%&#8221; custom_margin_tablet=&#8221;&#8221; custom_margin_phone=&#8221;|||146px|false|false&#8221; custom_margin_last_edited=&#8221;on|phone&#8221; scroll_horizontal_motion_enable=&#8221;on&#8221; scroll_horizontal_motion=&#8221;0|43|43|100|5|0|0&#8243; custom_css_main_element=&#8221;overflow: hidden;&#8221; global_colors_info=&#8221;{}&#8221;][\/et_pb_image][et_pb_text _builder_version=&#8221;4.21.0&#8243; _module_preset=&#8221;default&#8221; text_font=&#8221;Montserrat|900|||||||&#8221; text_text_color=&#8221;#1eb2db&#8221; text_font_size=&#8221;69px&#8221; positioning=&#8221;absolute&#8221; position_origin_a=&#8221;top_center&#8221; vertical_offset=&#8221;95px&#8221; z_index=&#8221;12&#8243; width=&#8221;100%&#8221; custom_margin_tablet=&#8221;&#8221; custom_margin_phone=&#8221;||||false|false&#8221; custom_margin_last_edited=&#8221;on|phone&#8221; text_font_size_tablet=&#8221;69px&#8221; text_font_size_phone=&#8221;50px&#8221; text_font_size_last_edited=&#8221;on|phone&#8221; text_letter_spacing_phone=&#8221;0px&#8221; text_letter_spacing_last_edited=&#8221;off|phone&#8221; text_line_height_tablet=&#8221;&#8221; text_line_height_phone=&#8221;1em&#8221; text_line_height_last_edited=&#8221;on|phone&#8221; global_colors_info=&#8221;{}&#8221;]<\/p>\n<p style=\"text-align: center;\">Ambient Odors<\/p>\n<p>[\/et_pb_text][et_pb_button button_url=&#8221;http:\/\/konpetsar.com\/urun-kategori\/urunler\/ortam-kokulari\/&#8221; button_text=&#8221;KE\u015eFET&#8221; button_alignment=&#8221;center&#8221; _builder_version=&#8221;4.21.0&#8243; _module_preset=&#8221;default&#8221; custom_button=&#8221;on&#8221; button_text_color=&#8221;#FFFFFF&#8221; button_bg_color=&#8221;#000000&#8243; button_border_width=&#8221;0px&#8221; button_border_radius=&#8221;0px&#8221; button_letter_spacing=&#8221;12px&#8221; positioning=&#8221;absolute&#8221; position_origin_a=&#8221;bottom_center&#8221; vertical_offset=&#8221;48px&#8221; custom_margin_tablet=&#8221;&#8221; custom_margin_phone=&#8221;28px||-55px||false|false&#8221; custom_margin_last_edited=&#8221;on|phone&#8221; global_colors_info=&#8221;{}&#8221;][\/et_pb_button][\/et_pb_column][\/et_pb_row][\/et_pb_section][et_pb_section fb_built=&#8221;1&#8243; _builder_version=&#8221;4.21.0&#8243; _module_preset=&#8221;default&#8221; background_color=&#8221;#ededed&#8221; global_colors_info=&#8221;{}&#8221;][et_pb_row _builder_version=&#8221;4.21.0&#8243; _module_preset=&#8221;default&#8221; global_colors_info=&#8221;{}&#8221;][et_pb_column type=&#8221;4_4&#8243; _builder_version=&#8221;4.17.6&#8243; _module_preset=&#8221;default&#8221; global_colors_info=&#8221;{}&#8221;][et_pb_text _builder_version=&#8221;4.21.0&#8243; _module_preset=&#8221;default&#8221; header_font_size=&#8221;51px&#8221; header_3_font=&#8221;Montserrat||||||||&#8221; header_3_text_color=&#8221;#B3B3B3&#8243; header_3_font_size=&#8221;30px&#8221; header_3_letter_spacing=&#8221;9px&#8221; global_colors_info=&#8221;{}&#8221;]<\/p>\n<h3 style=\"text-align: center;\">NEW PRODUCTS<\/h3>\n<p>[\/et_pb_text][et_pb_shop posts_number=&#8221;4&#8243; columns_number=&#8221;4&#8243; icon_hover_color=&#8221;#D9B882&#8243; show_price=&#8221;off&#8221; show_rating=&#8221;off&#8221; show_sale_badge=&#8221;off&#8221; module_id=&#8221;shop&#8221; _builder_version=&#8221;4.21.0&#8243; _module_preset=&#8221;default&#8221; title_font=&#8221;Barlow Semi Condensed||||||||&#8221; title_text_color=&#8221;#000000&#8243; title_font_size=&#8221;20px&#8221; title_line_height=&#8221;1.4em&#8221; price_font=&#8221;Inter||||||||&#8221; price_text_color=&#8221;rgba(255,255,255,0.7)&#8221; price_font_size=&#8221;16px&#8221; text_orientation=&#8221;center&#8221; hover_enabled=&#8221;0&#8243; title_font_size_tablet=&#8221;16px&#8221; title_font_size_phone=&#8221;15px&#8221; title_font_size_last_edited=&#8221;on|desktop&#8221; price_font_size_tablet=&#8221;15px&#8221; price_font_size_phone=&#8221;14px&#8221; price_font_size_last_edited=&#8221;on|desktop&#8221; locked=&#8221;off&#8221; global_colors_info=&#8221;{}&#8221; sticky_enabled=&#8221;0&#8243;][\/et_pb_shop][et_pb_button button_url=&#8221;http:\/\/konpetsar.com\/urun-kategori\/urunler\/&#8221; button_text=&#8221;T\u00dcM \u00dcR\u00dcNLER&#8221; button_alignment=&#8221;center&#8221; _builder_version=&#8221;4.21.0&#8243; _module_preset=&#8221;3117bc07-6a8a-4679-b3bb-b6ed74b48a2f&#8221; custom_button=&#8221;on&#8221; button_text_size=&#8221;14px&#8221; button_text_color=&#8221;#000000&#8243; button_bg_color=&#8221;#D9B882&#8243; button_border_width=&#8221;0px&#8221; button_border_radius=&#8221;0px&#8221; button_font=&#8221;Inter|700||on|||||&#8221; custom_padding=&#8221;16px|24px|16px|24px|true|true&#8221; global_colors_info=&#8221;{}&#8221;][\/et_pb_button][\/et_pb_column][\/et_pb_row][\/et_pb_section]<\/p>","protected":false},"excerpt":{"rendered":"<p>2015 y\u0131l\u0131nda kurulan Konpetsar \u015eirketi olarak ba\u015flayan yolculu\u011fumuz, tecr\u00fcbeli bir ekibin \u00f6nderli\u011finde devam etmektedir. Dinamik ve uzman kadromuzla, m\u00fc\u015fterilerimize en iyi kaliteyi sunma vizyonuyla yola \u00e7\u0131kt\u0131k. D\u0131\u015f pazarlara a\u00e7\u0131lma ve daha yenilik\u00e7i bir kimlikle \u00f6ne \u00e7\u0131kma hedefiyle H&amp;M LUBR\u0130CANTS markas\u0131n\u0131 olu\u015fturduk. \u00dcr\u00fcnlerimiz, \u00f6zenle se\u00e7ilmi\u015f malzemeler ve modern \u00fcretim tesislerimizde titizlikle \u00fcretilmektedir. Kalite standartlar\u0131m\u0131z\u0131 koruyarak, m\u00fc\u015fterilerimizin [&hellip;]<\/p>","protected":false},"author":1,"featured_media":0,"parent":0,"menu_order":0,"comment_status":"closed","ping_status":"closed","template":"","meta":{"_et_pb_use_builder":"on","_et_pb_old_content":"<!-- wp:divi\/placeholder \/-->","_et_gb_content_width":"","footnotes":""},"class_list":["post-31","page","type-page","status-publish","hentry"],"_links":{"self":[{"href":"https:\/\/konpetsar.com\/en\/wp-json\/wp\/v2\/pages\/31","targetHints":{"allow":["GET"]}}],"collection":[{"href":"https:\/\/konpetsar.com\/en\/wp-json\/wp\/v2\/pages"}],"about":[{"href":"https:\/\/konpetsar.com\/en\/wp-json\/wp\/v2\/types\/page"}],"author":[{"embeddable":true,"href":"https:\/\/konpetsar.com\/en\/wp-json\/wp\/v2\/users\/1"}],"replies":[{"embeddable":true,"href":"https:\/\/konpetsar.com\/en\/wp-json\/wp\/v2\/comments?post=31"}],"version-history":[{"count":16,"href":"https:\/\/konpetsar.com\/en\/wp-json\/wp\/v2\/pages\/31\/revisions"}],"predecessor-version":[{"id":542,"href":"https:\/\/konpetsar.com\/en\/wp-json\/wp\/v2\/pages\/31\/revisions\/542"}],"wp:attachment":[{"href":"https:\/\/konpetsar.com\/en\/wp-json\/wp\/v2\/media?parent=31"}],"curies":[{"name":"wp","href":"https:\/\/api.w.org\/{rel}","templated":true}]}}