{"id":174,"date":"2023-07-28T08:31:27","date_gmt":"2023-07-28T08:31:27","guid":{"rendered":"http:\/\/konpetsar.com\/?page_id=174"},"modified":"2023-07-28T08:44:30","modified_gmt":"2023-07-28T08:44:30","slug":"kalite","status":"publish","type":"page","link":"https:\/\/konpetsar.com\/en\/kalite\/","title":{"rendered":"Kalite"},"content":{"rendered":"<p>[et_pb_section fb_built=&#8221;1&#8243; admin_label=&#8221;Header&#8221; _builder_version=&#8221;4.21.0&#8243; _module_preset=&#8221;default&#8221; background_color=&#8221;gcid-9ae412ef-a7ae-42a5-ab5b-f691fccab059&#8243; use_background_color_gradient=&#8221;on&#8221; background_color_gradient_stops=&#8221;rgba(9,9,21,0) 0%|gcid-9ae412ef-a7ae-42a5-ab5b-f691fccab059 60%&#8221; background_color_gradient_overlays_image=&#8221;on&#8221; background_image=&#8221;http:\/\/konpetsar.com\/wp-content\/uploads\/2023\/07\/about-bg2-jpg.webp&#8221; background_size=&#8221;initial&#8221; background_position=&#8221;top_center&#8221; background_enable_pattern_style=&#8221;on&#8221; background_pattern_style=&#8221;diagonal-stripes-2&#8243; background_pattern_color=&#8221;rgba(0,0,0,0.6)&#8221; background_pattern_size=&#8221;custom&#8221; background_pattern_width=&#8221;3px&#8221; hover_enabled=&#8221;0&#8243; locked=&#8221;off&#8221; collapsed=&#8221;on&#8221; global_colors_info=&#8221;{%22gcid-9ae412ef-a7ae-42a5-ab5b-f691fccab059%22:%91%22background_color%22,%22background_color_gradient_stops%22%93}&#8221; theme_builder_area=&#8221;post_content&#8221; title_text=&#8221;about-bg2&#8243; sticky_enabled=&#8221;0&#8243;][et_pb_row _builder_version=&#8221;4.21.0&#8243; _module_preset=&#8221;default&#8221; custom_margin=&#8221;||63px||false|false&#8221; hover_enabled=&#8221;0&#8243; global_colors_info=&#8221;{}&#8221; column_structure=&#8221;1_3,2_3&#8243; theme_builder_area=&#8221;post_content&#8221; sticky_enabled=&#8221;0&#8243;][et_pb_column _builder_version=&#8221;4.21.0&#8243; _module_preset=&#8221;default&#8221; type=&#8221;1_3&#8243; theme_builder_area=&#8221;post_content&#8221;][et_pb_image src=&#8221;http:\/\/konpetsar.com\/wp-content\/uploads\/2023\/07\/HM-logo-slide-bottom.png&#8221; title_text=&#8221;HM-logo-slide-bottom&#8221; align=&#8221;center&#8221; _builder_version=&#8221;4.21.0&#8243; _module_preset=&#8221;default&#8221; width=&#8221;60%&#8221; hover_enabled=&#8221;0&#8243; global_colors_info=&#8221;{}&#8221; theme_builder_area=&#8221;post_content&#8221; sticky_enabled=&#8221;0&#8243;][\/et_pb_image][\/et_pb_column][et_pb_column type=&#8221;2_3&#8243; admin_label=&#8221;Kolon&#8221; _builder_version=&#8221;4.19.2&#8243; _module_preset=&#8221;default&#8221; global_colors_info=&#8221;{}&#8221; theme_builder_area=&#8221;post_content&#8221;][et_pb_text _builder_version=&#8221;4.21.0&#8243; _module_preset=&#8221;9cbb4006-b350-47ba-8c4c-d83f3fc28981&#8243; hover_enabled=&#8221;0&#8243; global_colors_info=&#8221;{}&#8221; theme_builder_area=&#8221;post_content&#8221; sticky_enabled=&#8221;0&#8243; header_text_color=&#8221;#FFFFFF&#8221; header_font=&#8221;Barlow Semi Condensed|700|||||||&#8221;]<\/p>\n<h1>Quality Policy:<\/h1>\n<p>At HM Lubricants, our goal is to prioritize customer satisfaction and consistently provide high-quality products. We work diligently to produce reliable, effective, and environmentally-friendly automotive care solutions that cater to our customers' needs.<\/p>\n<p><strong><em>Quality Policy:\n\nAt HM Lubricants, our goal is to prioritize customer satisfaction and consistently provide high-quality products. We work diligently to produce reliable, effective, and environmentally-friendly automotive care solutions that cater to our customers' needs.\n\nThe fundamental elements of our quality policy are as follows:<\/em><\/strong><\/p>\n<ol>\n<li>Customer Satisfaction: Understanding our customers' expectations and delivering suitable solutions for their needs is our top priority. By taking customer feedback into consideration, we continuously improve our products.\n<\/li>\n<li>High Quality Standards: Throughout every stage of production, we emphasize quality control processes and strive to achieve the highest standards to ensure our products' excellence.\n<\/li>\n<li>Innovation and Technology: We constantly stay updated with industry innovations and integrate the latest technologies into our manufacturing processes. This enables us to offer our customers better and more effective products\n<\/li>\n<li>Environmentally-Friendly Products: We use eco-friendly materials and production methods to preserve natural resources and minimize our impact on the environmen\n<\/li>\n<li>Training and Development: We value the growth and competence of our employees. By providing training programs and continuous learning opportunities, we contribute to the production of quality products.\n<\/li>\n<li>Sustainability: We operate with a sense of social responsibility, striving to implement sustainable practices that benefit both society and the environment.<\/li>\n<\/ol>\n<p>At HM Lubricants, we continuously review and improve our quality policy. With a strong sense of responsibility towards our customers and employees, we maintain our reputation as a reliable and respected brand in the industry.<\/p>\n<p>[\/et_pb_text][\/et_pb_column][\/et_pb_row][et_pb_row _builder_version=&#8221;4.21.0&#8243; _module_preset=&#8221;default&#8221; theme_builder_area=&#8221;post_content&#8221;][et_pb_column _builder_version=&#8221;4.21.0&#8243; _module_preset=&#8221;default&#8221; type=&#8221;4_4&#8243; theme_builder_area=&#8221;post_content&#8221;][et_pb_text _builder_version=&#8221;4.21.0&#8243; _module_preset=&#8221;default&#8221; theme_builder_area=&#8221;post_content&#8221; text_text_color=&#8221;#FFFFFF&#8221; text_font=&#8221;Barlow Semi Condensed||||||||&#8221; text_font_size=&#8221;34px&#8221; hover_enabled=&#8221;0&#8243; sticky_enabled=&#8221;0&#8243;]<\/p>\n<p>Products Discovery<\/p>\n<p>[\/et_pb_text][et_pb_divider _builder_version=&#8221;4.21.0&#8243; _module_preset=&#8221;default&#8221; theme_builder_area=&#8221;post_content&#8221; color=&#8221;#FFFFFF&#8221; hover_enabled=&#8221;0&#8243; sticky_enabled=&#8221;0&#8243;][\/et_pb_divider][et_pb_shop _builder_version=&#8221;4.21.0&#8243; _module_preset=&#8221;default&#8221; theme_builder_area=&#8221;post_content&#8221; posts_number=&#8221;6&#8243; show_sale_badge=&#8221;off&#8221; show_rating=&#8221;off&#8221; show_price=&#8221;off&#8221; text_orientation=&#8221;center&#8221; title_text_color=&#8221;#FFFFFF&#8221; hover_enabled=&#8221;0&#8243; sticky_enabled=&#8221;0&#8243;][\/et_pb_shop][\/et_pb_column][\/et_pb_row][\/et_pb_section]<\/p>","protected":false},"excerpt":{"rendered":"<p>Kalite Politikam\u0131z: HM Lubricants olarak, m\u00fc\u015fteri memnuniyetini en \u00fcst d\u00fczeyde tutmay\u0131 ve s\u00fcrekli olarak y\u00fcksek kaliteli \u00fcr\u00fcnler sunmay\u0131 hedefliyoruz. M\u00fc\u015fterilerimizin ihtiya\u00e7lar\u0131na uygun, g\u00fcvenilir, etkili ve \u00e7evre dostu oto bak\u0131m \u00fcr\u00fcnleri \u00fcretmek i\u00e7in titizlikle \u00e7al\u0131\u015f\u0131yoruz. Kalite politikam\u0131z\u0131n temel unsurlar\u0131 \u015funlard\u0131r: M\u00fc\u015fteri Memnuniyeti: M\u00fc\u015fterilerimizin beklentilerini anlamak ve onlar\u0131n ihtiya\u00e7lar\u0131na en uygun \u00e7\u00f6z\u00fcmleri sunmak \u00f6nceli\u011fimizdir. M\u00fc\u015fteri geri bildirimlerini [&hellip;]<\/p>","protected":false},"author":1,"featured_media":0,"parent":0,"menu_order":0,"comment_status":"closed","ping_status":"closed","template":"","meta":{"_et_pb_use_builder":"on","_et_pb_old_content":"<!-- wp:divi\/placeholder \/-->","_et_gb_content_width":"","footnotes":""},"class_list":["post-174","page","type-page","status-publish","hentry"],"_links":{"self":[{"href":"https:\/\/konpetsar.com\/en\/wp-json\/wp\/v2\/pages\/174","targetHints":{"allow":["GET"]}}],"collection":[{"href":"https:\/\/konpetsar.com\/en\/wp-json\/wp\/v2\/pages"}],"about":[{"href":"https:\/\/konpetsar.com\/en\/wp-json\/wp\/v2\/types\/page"}],"author":[{"embeddable":true,"href":"https:\/\/konpetsar.com\/en\/wp-json\/wp\/v2\/users\/1"}],"replies":[{"embeddable":true,"href":"https:\/\/konpetsar.com\/en\/wp-json\/wp\/v2\/comments?post=174"}],"version-history":[{"count":0,"href":"https:\/\/konpetsar.com\/en\/wp-json\/wp\/v2\/pages\/174\/revisions"}],"wp:attachment":[{"href":"https:\/\/konpetsar.com\/en\/wp-json\/wp\/v2\/media?parent=174"}],"curies":[{"name":"wp","href":"https:\/\/api.w.org\/{rel}","templated":true}]}}