{"id":164,"date":"2023-07-28T08:03:37","date_gmt":"2023-07-28T08:03:37","guid":{"rendered":"http:\/\/konpetsar.com\/?page_id=164"},"modified":"2023-08-02T09:21:20","modified_gmt":"2023-08-02T09:21:20","slug":"kurumsal","status":"publish","type":"page","link":"https:\/\/konpetsar.com\/en\/kurumsal\/","title":{"rendered":"Kurumsal"},"content":{"rendered":"<p>[et_pb_section fb_built=&#8221;1&#8243; admin_label=&#8221;Header&#8221; _builder_version=&#8221;4.21.0&#8243; _module_preset=&#8221;default&#8221; background_color=&#8221;gcid-9ae412ef-a7ae-42a5-ab5b-f691fccab059&#8243; use_background_color_gradient=&#8221;on&#8221; background_color_gradient_stops=&#8221;rgba(9,9,21,0) 0%|gcid-9ae412ef-a7ae-42a5-ab5b-f691fccab059 60%&#8221; background_color_gradient_overlays_image=&#8221;on&#8221; background_image=&#8221;http:\/\/konpetsar.com\/wp-content\/uploads\/2023\/07\/about-jp-jpg.webp&#8221; background_size=&#8221;initial&#8221; background_position=&#8221;top_center&#8221; background_enable_pattern_style=&#8221;on&#8221; background_pattern_style=&#8221;diagonal-stripes-2&#8243; background_pattern_color=&#8221;rgba(0,0,0,0.6)&#8221; background_pattern_size=&#8221;custom&#8221; background_pattern_width=&#8221;3px&#8221; locked=&#8221;off&#8221; collapsed=&#8221;on&#8221; global_colors_info=&#8221;{%22gcid-9ae412ef-a7ae-42a5-ab5b-f691fccab059%22:%91%22background_color%22,%22background_color_gradient_stops%22%93}&#8221;][et_pb_row _builder_version=&#8221;4.21.0&#8243; _module_preset=&#8221;default&#8221; custom_margin=&#8221;||63px||false|false&#8221; global_colors_info=&#8221;{}&#8221;][et_pb_column type=&#8221;4_4&#8243; admin_label=&#8221;Kolon&#8221; _builder_version=&#8221;4.19.2&#8243; _module_preset=&#8221;default&#8221; global_colors_info=&#8221;{}&#8221;][et_pb_image src=&#8221;http:\/\/konpetsar.com\/wp-content\/uploads\/2023\/07\/HM-logo-slide-top.png&#8221; title_text=&#8221;HM-logo-slide-top&#8221; align=&#8221;center&#8221; _builder_version=&#8221;4.21.0&#8243; _module_preset=&#8221;default&#8221; width=&#8221;30%&#8221; global_colors_info=&#8221;{}&#8221;][\/et_pb_image][et_pb_text _builder_version=&#8221;4.21.0&#8243; _module_preset=&#8221;9cbb4006-b350-47ba-8c4c-d83f3fc28981&#8243; global_colors_info=&#8221;{}&#8221;]<\/p>\n<p style=\"text-align: center;\">Founded as Konpetsar Company in 2015, our journey began with an experienced team at the helm<\/p>\n<p style=\"text-align: center;\">With our dynamic and expert team, we set out with the vision of delivering the best quality to our customers. To expand into international markets and present a more innovative identity, we established the H&amp;M LUBR\u0130CANTS brand.<\/p>\n<p style=\"text-align: center;\">Our products are meticulously manufactured using carefully selected materials and state-of-the-art production facilities. By maintaining our quality standards, we earn the trust of our customers. Each of our products stands out with its performance and effective results, as well as user-friendliness and durability.<\/p>\n<p style=\"text-align: center;\">Customer satisfaction is always our top priority, and we work with a mission to provide the most suitable solutions to meet their needs. Each day, we stay up-to-date with developments in the automotive care industry, and we introduce new products to our customers\u2019 delight.<\/p>\n<p style=\"text-align: center;\">As H&amp;M LUBR\u0130CANTS, we have earned a significant place as a reliable and innovative name in automotive care. With our products, we care for, protect, and enhance the performance of your vehicles. Putting customer satisfaction above all else, we continue to grow with innovative products that bring new directions to the industry.<\/p>\n<p>[\/et_pb_text][et_pb_image src=&#8221;http:\/\/konpetsar.com\/wp-content\/uploads\/2023\/07\/konpetsar-logo.png&#8221; title_text=&#8221;konpetsar-logo&#8221; align=&#8221;center&#8221; _builder_version=&#8221;4.21.0&#8243; _module_preset=&#8221;default&#8221; width=&#8221;30%&#8221; global_colors_info=&#8221;{}&#8221;][\/et_pb_image][\/et_pb_column][\/et_pb_row][et_pb_row column_structure=&#8221;1_3,1_3,1_3&#8243; _builder_version=&#8221;4.21.0&#8243; _module_preset=&#8221;default&#8221; saved_tabs=&#8221;all&#8221; locked=&#8221;off&#8221; global_colors_info=&#8221;{}&#8221;][et_pb_column type=&#8221;1_3&#8243; _builder_version=&#8221;4.21.0&#8243; _module_preset=&#8221;default&#8221; use_background_color_gradient=&#8221;on&#8221; background_color_gradient_direction=&#8221;210deg&#8221; background_color_gradient_stops=&#8221;rgba(255,255,255,0.1) 20%|rgba(255,255,255,0) 70%&#8221; custom_padding=&#8221;30px|30px|30px|30px|true|true&#8221; custom_padding_tablet=&#8221;30px|30px|30px|30px|true|true&#8221; custom_padding_phone=&#8221;20px|20px|20px|20px|true|true&#8221; custom_padding_last_edited=&#8221;on|desktop&#8221; box_shadow_style=&#8221;preset4&#8243; box_shadow_horizontal=&#8221;50px&#8221; box_shadow_vertical=&#8221;-50px&#8221; box_shadow_blur=&#8221;80px&#8221; box_shadow_color=&#8221;rgba(9,9,21,0.35)&#8221; global_colors_info=&#8221;{}&#8221;][et_pb_blurb use_icon=&#8221;on&#8221; font_icon=&#8221;&#xe081;||divi||400&#8243; _builder_version=&#8221;4.21.0&#8243; _module_preset=&#8221;e72a3e86-b1b2-4f82-8e62-32b91db3a3ea&#8221; custom_margin=&#8221;||0px||false|false&#8221; locked=&#8221;off&#8221; global_colors_info=&#8221;{}&#8221;][\/et_pb_blurb][et_pb_text _builder_version=&#8221;4.19.2&#8243; _module_preset=&#8221;470c7a0f-238f-466a-8380-029db78d59b1&#8243; custom_margin=&#8221;||0px||false|false&#8221; global_colors_info=&#8221;{}&#8221;]<\/p>\n<h4>Fevzi\u00e7akmak Mh. <br \/>10762 Sk. No:1\/B Karatay\/Konya<br \/>T\u00dcRK\u0130YE<\/h4>\n<p>[\/et_pb_text][\/et_pb_column][et_pb_column type=&#8221;1_3&#8243; _builder_version=&#8221;4.21.0&#8243; _module_preset=&#8221;default&#8221; use_background_color_gradient=&#8221;on&#8221; background_color_gradient_direction=&#8221;210deg&#8221; background_color_gradient_stops=&#8221;rgba(255,255,255,0.1) 20%|rgba(255,255,255,0) 70%&#8221; custom_padding=&#8221;30px|30px|30px|30px|true|true&#8221; custom_padding_tablet=&#8221;30px|30px|30px|30px|true|true&#8221; custom_padding_phone=&#8221;20px|20px|20px|20px|true|true&#8221; custom_padding_last_edited=&#8221;on|desktop&#8221; box_shadow_style=&#8221;preset4&#8243; box_shadow_horizontal=&#8221;50px&#8221; box_shadow_vertical=&#8221;-50px&#8221; box_shadow_blur=&#8221;80px&#8221; box_shadow_color=&#8221;rgba(9,9,21,0.35)&#8221; global_colors_info=&#8221;{}&#8221;][et_pb_blurb use_icon=&#8221;on&#8221; font_icon=&#8221;&#xe00c;||divi||400&#8243; _builder_version=&#8221;4.21.0&#8243; _module_preset=&#8221;e72a3e86-b1b2-4f82-8e62-32b91db3a3ea&#8221; custom_margin=&#8221;||0px||false|false&#8221; locked=&#8221;off&#8221; global_colors_info=&#8221;{}&#8221;][\/et_pb_blurb][et_pb_text _builder_version=&#8221;4.19.2&#8243; _module_preset=&#8221;470c7a0f-238f-466a-8380-029db78d59b1&#8243; custom_margin=&#8221;||0px||false|false&#8221; locked=&#8221;off&#8221; global_colors_info=&#8221;{}&#8221;]<\/p>\n<h4>+90 332 342 00 86<\/h4>\n<h4>+90 554 293 09 15<\/h4>\n<h4>+90 542 448 72 42<\/h4>\n<p>[\/et_pb_text][\/et_pb_column][et_pb_column type=&#8221;1_3&#8243; _builder_version=&#8221;4.21.0&#8243; _module_preset=&#8221;default&#8221; use_background_color_gradient=&#8221;on&#8221; background_color_gradient_direction=&#8221;210deg&#8221; background_color_gradient_stops=&#8221;rgba(255,255,255,0.1) 20%|rgba(255,255,255,0) 70%&#8221; custom_padding=&#8221;30px|30px|30px|30px|true|true&#8221; custom_padding_tablet=&#8221;30px|30px|30px|30px|true|true&#8221; custom_padding_phone=&#8221;20px|20px|20px|20px|true|true&#8221; custom_padding_last_edited=&#8221;on|desktop&#8221; box_shadow_style=&#8221;preset4&#8243; box_shadow_horizontal=&#8221;50px&#8221; box_shadow_vertical=&#8221;-50px&#8221; box_shadow_blur=&#8221;80px&#8221; box_shadow_color=&#8221;rgba(9,9,21,0.35)&#8221; global_colors_info=&#8221;{}&#8221;][et_pb_blurb use_icon=&#8221;on&#8221; font_icon=&#8221;&#xe605;||divi||400&#8243; _builder_version=&#8221;4.21.0&#8243; _module_preset=&#8221;e72a3e86-b1b2-4f82-8e62-32b91db3a3ea&#8221; custom_margin=&#8221;||0px||false|false&#8221; locked=&#8221;off&#8221; global_colors_info=&#8221;{}&#8221;][\/et_pb_blurb][et_pb_text _builder_version=&#8221;4.21.0&#8243; _module_preset=&#8221;470c7a0f-238f-466a-8380-029db78d59b1&#8243; custom_margin=&#8221;||0px||false|false&#8221; locked=&#8221;off&#8221; global_colors_info=&#8221;{}&#8221;]<\/p>\n<h4>bilgi@konpetsar.com<\/h4>\n<p>[\/et_pb_text][et_pb_social_media_follow _builder_version=&#8221;4.21.0&#8243; _module_preset=&#8221;default&#8221; hover_enabled=&#8221;0&#8243; global_colors_info=&#8221;{}&#8221; sticky_enabled=&#8221;0&#8243;][et_pb_social_media_follow_network social_network=&#8221;facebook&#8221; _builder_version=&#8221;4.21.0&#8243; _module_preset=&#8221;default&#8221; background_color=&#8221;#3b5998&#8243; hover_enabled=&#8221;0&#8243; global_colors_info=&#8221;{}&#8221; follow_button=&#8221;off&#8221; url_new_window=&#8221;on&#8221; url=&#8221;https:\/\/www.facebook.com\/profile.php?id=100063611408599&#038;mibextid=ZbWKwL&#8221; sticky_enabled=&#8221;0&#8243;]facebook[\/et_pb_social_media_follow_network][et_pb_social_media_follow_network social_network=&#8221;twitter&#8221; _builder_version=&#8221;4.21.0&#8243; _module_preset=&#8221;default&#8221; background_color=&#8221;#00aced&#8221; global_colors_info=&#8221;{}&#8221; follow_button=&#8221;off&#8221; url_new_window=&#8221;on&#8221;]twitter[\/et_pb_social_media_follow_network][et_pb_social_media_follow_network social_network=&#8221;instagram&#8221; _builder_version=&#8221;4.21.0&#8243; _module_preset=&#8221;default&#8221; background_color=&#8221;#ea2c59&#8243; hover_enabled=&#8221;0&#8243; global_colors_info=&#8221;{}&#8221; follow_button=&#8221;off&#8221; url_new_window=&#8221;on&#8221; url=&#8221;https:\/\/www.instagram.com\/h8mlubricants\/?utm_source=qr&#038;igshid=ZDc4ODBmNjlmNQ%3D%3D&#8221; sticky_enabled=&#8221;0&#8243;]instagram[\/et_pb_social_media_follow_network][\/et_pb_social_media_follow][\/et_pb_column][\/et_pb_row][\/et_pb_section]<\/p>","protected":false},"excerpt":{"rendered":"<p>2015 y\u0131l\u0131nda kurulan Konpetsar \u015eirketi olarak ba\u015flayan yolculu\u011fumuz, tecr\u00fcbeli bir ekibin \u00f6nderli\u011finde devam etmektedir. Dinamik ve uzman kadromuzla, m\u00fc\u015fterilerimize en iyi kaliteyi sunma vizyonuyla yola \u00e7\u0131kt\u0131k. D\u0131\u015f pazarlara a\u00e7\u0131lma ve daha yenilik\u00e7i bir kimlikle \u00f6ne \u00e7\u0131kma hedefiyle H&amp;M LUBR\u0130CANTS markas\u0131n\u0131 olu\u015fturduk. \u00dcr\u00fcnlerimiz, \u00f6zenle se\u00e7ilmi\u015f malzemeler ve modern \u00fcretim tesislerimizde titizlikle \u00fcretilmektedir. Kalite standartlar\u0131m\u0131z\u0131 koruyarak, m\u00fc\u015fterilerimizin [&hellip;]<\/p>","protected":false},"author":1,"featured_media":0,"parent":0,"menu_order":0,"comment_status":"closed","ping_status":"closed","template":"","meta":{"_et_pb_use_builder":"on","_et_pb_old_content":"<!-- wp:divi\/placeholder \/-->","_et_gb_content_width":"","footnotes":""},"class_list":["post-164","page","type-page","status-publish","hentry"],"_links":{"self":[{"href":"https:\/\/konpetsar.com\/en\/wp-json\/wp\/v2\/pages\/164","targetHints":{"allow":["GET"]}}],"collection":[{"href":"https:\/\/konpetsar.com\/en\/wp-json\/wp\/v2\/pages"}],"about":[{"href":"https:\/\/konpetsar.com\/en\/wp-json\/wp\/v2\/types\/page"}],"author":[{"embeddable":true,"href":"https:\/\/konpetsar.com\/en\/wp-json\/wp\/v2\/users\/1"}],"replies":[{"embeddable":true,"href":"https:\/\/konpetsar.com\/en\/wp-json\/wp\/v2\/comments?post=164"}],"version-history":[{"count":1,"href":"https:\/\/konpetsar.com\/en\/wp-json\/wp\/v2\/pages\/164\/revisions"}],"predecessor-version":[{"id":462,"href":"https:\/\/konpetsar.com\/en\/wp-json\/wp\/v2\/pages\/164\/revisions\/462"}],"wp:attachment":[{"href":"https:\/\/konpetsar.com\/en\/wp-json\/wp\/v2\/media?parent=164"}],"curies":[{"name":"wp","href":"https:\/\/api.w.org\/{rel}","templated":true}]}}